{"id":10006,"date":"2025-06-02T14:38:36","date_gmt":"2025-06-02T12:38:36","guid":{"rendered":"https:\/\/b09765769.es\/milieu\/"},"modified":"2025-06-23T16:23:11","modified_gmt":"2025-06-23T14:23:11","slug":"milieu","status":"publish","type":"page","link":"https:\/\/talentumgrs.com\/nl\/milieu\/","title":{"rendered":"Milieu"},"content":{"rendered":"\t\t<div data-elementor-type=\"wp-page\" data-elementor-id=\"10006\" class=\"elementor elementor-10006 elementor-9254\" data-elementor-post-type=\"page\">\n\t\t\t\t<div class=\"elementor-element elementor-element-4beed518 e-con-full e-flex elementor-repeater-item-default_padding sk-none elementor-repeater-item-none elementor-repeater-item-none_hover e-con e-parent\" data-id=\"4beed518\" data-element_type=\"container\" data-e-type=\"container\" data-settings=\"{&quot;background_background&quot;:&quot;classic&quot;,&quot;ang_container_spacing_size&quot;:&quot;default_padding&quot;,&quot;jet_parallax_layout_list&quot;:[]}\">\n\t\t\t\t<div class=\"elementor-element elementor-element-1442a64 elementor-repeater-item-none elementor-repeater-item-none_hover elementor-widget elementor-widget-heading\" data-id=\"1442a64\" data-element_type=\"widget\" data-e-type=\"widget\" data-widget_type=\"heading.default\">\n\t\t\t\t<div class=\"elementor-widget-container\">\n\t\t\t\t\t<h2 class=\"elementor-heading-title elementor-size-default\">Milieu<\/h2>\t\t\t\t<\/div>\n\t\t\t\t<\/div>\n\t\t\t\t<\/div>\n\t\t<div class=\"elementor-element elementor-element-3076bc3 e-con-full e-flex elementor-repeater-item-default_padding sk-none elementor-repeater-item-none elementor-repeater-item-none_hover e-con e-parent\" data-id=\"3076bc3\" data-element_type=\"container\" data-e-type=\"container\" data-settings=\"{&quot;background_background&quot;:&quot;classic&quot;,&quot;ang_container_spacing_size&quot;:&quot;default_padding&quot;,&quot;jet_parallax_layout_list&quot;:[]}\">\n\t\t<div class=\"elementor-element elementor-element-ec82783 e-con-full elementor-repeater-item-none_hover e-flex elementor-repeater-item-default_padding elementor-repeater-item-none e-con e-child\" data-id=\"ec82783\" data-element_type=\"container\" data-e-type=\"container\" data-settings=\"{&quot;ang_container_spacing_size&quot;:&quot;default_padding&quot;,&quot;jet_parallax_layout_list&quot;:[]}\">\n\t\t<div class=\"elementor-element elementor-element-1554207 e-con-full elementor-repeater-item-none_hover e-flex elementor-repeater-item-default_padding elementor-repeater-item-none e-con e-child\" data-id=\"1554207\" data-element_type=\"container\" data-e-type=\"container\" data-settings=\"{&quot;ang_container_spacing_size&quot;:&quot;default_padding&quot;,&quot;jet_parallax_layout_list&quot;:[]}\">\n\t\t\t\t<div class=\"elementor-element elementor-element-30673b9 elementor-cta--layout-image-above elementor-widget__width-inherit elementor-cta--skin-classic elementor-animated-content elementor-bg-transform elementor-bg-transform-zoom-in elementor-repeater-item-none elementor-repeater-item-none_hover elementor-widget elementor-widget-call-to-action\" data-id=\"30673b9\" data-element_type=\"widget\" data-e-type=\"widget\" data-widget_type=\"call-to-action.default\">\n\t\t\t\t<div class=\"elementor-widget-container\">\n\t\t\t\t\t\t\t<div class=\"elementor-cta\">\n\t\t\t\t\t<div class=\"elementor-cta__bg-wrapper\">\n\t\t\t\t<div class=\"elementor-cta__bg elementor-bg\" style=\"background-image: url(https:\/\/talentumgrs.com\/wp-content\/uploads\/sites\/571\/2025\/06\/2147826367-1024x1024.jpg);\" role=\"img\" aria-label=\"2147826367\"><\/div>\n\t\t\t\t<div class=\"elementor-cta__bg-overlay\"><\/div>\n\t\t\t<\/div>\n\t\t\t\t\t\t\t<div class=\"elementor-cta__content\">\n\t\t\t\t\n\t\t\t\t\t\t\t\t\t<h2 class=\"elementor-cta__title elementor-cta__content-item elementor-content-item\">\n\t\t\t\t\t\tBetrokkenheid bij duurzaamheid\t\t\t\t\t<\/h2>\n\t\t\t\t\n\t\t\t\t\t\t\t\t\t<div class=\"elementor-cta__description elementor-cta__content-item elementor-content-item\">\n\t\t\t\t\t\tBij Talentum geloven we dat zelfs een boutiquebureau een actieve rol kan spelen op het gebied van milieu-, sociale en goed bestuurverantwoordelijkheid (ESG). Onze voetafdruk mag dan klein zijn, maar elke actie telt.\n\t\t\t\t\t<\/div>\n\t\t\t\t\n\t\t\t\t\t\t\t<\/div>\n\t\t\t\t\t\t<\/div>\n\t\t\t\t\t\t<\/div>\n\t\t\t\t<\/div>\n\t\t\t\t<\/div>\n\t\t<div class=\"elementor-element elementor-element-8ede783 e-con-full elementor-repeater-item-none_hover e-flex elementor-repeater-item-default_padding elementor-repeater-item-none e-con e-child\" data-id=\"8ede783\" data-element_type=\"container\" data-e-type=\"container\" data-settings=\"{&quot;ang_container_spacing_size&quot;:&quot;default_padding&quot;,&quot;jet_parallax_layout_list&quot;:[]}\">\n\t\t\t\t<div class=\"elementor-element elementor-element-2bc7cfa elementor-cta--layout-image-above elementor-widget__width-inherit elementor-cta--skin-classic elementor-animated-content elementor-bg-transform elementor-bg-transform-zoom-in elementor-repeater-item-none elementor-repeater-item-none_hover elementor-widget elementor-widget-call-to-action\" data-id=\"2bc7cfa\" data-element_type=\"widget\" data-e-type=\"widget\" data-widget_type=\"call-to-action.default\">\n\t\t\t\t<div class=\"elementor-widget-container\">\n\t\t\t\t\t\t\t<div class=\"elementor-cta\">\n\t\t\t\t\t<div class=\"elementor-cta__bg-wrapper\">\n\t\t\t\t<div class=\"elementor-cta__bg elementor-bg\" style=\"background-image: url(https:\/\/talentumgrs.com\/wp-content\/uploads\/sites\/571\/2025\/06\/288-1024x576.jpg);\" role=\"img\" aria-label=\"288\"><\/div>\n\t\t\t\t<div class=\"elementor-cta__bg-overlay\"><\/div>\n\t\t\t<\/div>\n\t\t\t\t\t\t\t<div class=\"elementor-cta__content\">\n\t\t\t\t\n\t\t\t\t\t\t\t\t\t<h2 class=\"elementor-cta__title elementor-cta__content-item elementor-content-item\">\n\t\t\t\t\t\tBelangrijke milieusectoren\t\t\t\t\t<\/h2>\n\t\t\t\t\n\t\t\t\t\t\t\t\t\t<div class=\"elementor-cta__description elementor-cta__content-item elementor-content-item\">\n\t\t\t\t\t\tWe werken samen met actieve organisaties in hernieuwbare energie, afvalbeheer, energie-effici\u00ebntie en circulaire economie om sleutelposities in te vullen.\t\t\t\t\t<\/div>\n\t\t\t\t\n\t\t\t\t\t\t\t<\/div>\n\t\t\t\t\t\t<\/div>\n\t\t\t\t\t\t<\/div>\n\t\t\t\t<\/div>\n\t\t\t\t<\/div>\n\t\t<div class=\"elementor-element elementor-element-cdc063b e-con-full elementor-repeater-item-none_hover e-flex elementor-repeater-item-default_padding elementor-repeater-item-none e-con e-child\" data-id=\"cdc063b\" data-element_type=\"container\" data-e-type=\"container\" data-settings=\"{&quot;ang_container_spacing_size&quot;:&quot;default_padding&quot;,&quot;jet_parallax_layout_list&quot;:[]}\">\n\t\t\t\t<div class=\"elementor-element elementor-element-bdc5e0a elementor-cta--layout-image-above elementor-widget__width-inherit elementor-cta--skin-classic elementor-animated-content elementor-bg-transform elementor-bg-transform-zoom-in elementor-repeater-item-none elementor-repeater-item-none_hover elementor-widget elementor-widget-call-to-action\" data-id=\"bdc5e0a\" data-element_type=\"widget\" data-e-type=\"widget\" data-widget_type=\"call-to-action.default\">\n\t\t\t\t<div class=\"elementor-widget-container\">\n\t\t\t\t\t\t\t<div class=\"elementor-cta\">\n\t\t\t\t\t<div class=\"elementor-cta__bg-wrapper\">\n\t\t\t\t<div class=\"elementor-cta__bg elementor-bg\" style=\"background-image: url(https:\/\/talentumgrs.com\/wp-content\/uploads\/sites\/571\/2025\/06\/grandmother-child-are-holding-plant-sprout-their-hands-1024x683.jpg);\" role=\"img\" aria-label=\"grandmother-child-are-holding-plant-sprout-their-hands\"><\/div>\n\t\t\t\t<div class=\"elementor-cta__bg-overlay\"><\/div>\n\t\t\t<\/div>\n\t\t\t\t\t\t\t<div class=\"elementor-cta__content\">\n\t\t\t\t\n\t\t\t\t\t\t\t\t\t<h2 class=\"elementor-cta__title elementor-cta__content-item elementor-content-item\">\n\t\t\t\t\t\tTalent voor een groene toekomst\t\t\t\t\t<\/h2>\n\t\t\t\t\n\t\t\t\t\t\t\t\t\t<div class=\"elementor-cta__description elementor-cta__content-item elementor-content-item\">\n\t\t\t\t\t\tWij werken volledig digitaal en papierloos, houden onze vergaderingen zoveel mogelijk online en beperken reizen tot een minimum. We hebben geen vaste fysieke kantoorruimte: we kiezen bewust voor remote werken als manier om de planeet te beschermen.\t\t\t\t\t<\/div>\n\t\t\t\t\n\t\t\t\t\t\t\t<\/div>\n\t\t\t\t\t\t<\/div>\n\t\t\t\t\t\t<\/div>\n\t\t\t\t<\/div>\n\t\t\t\t<\/div>\n\t\t\t\t<\/div>\n\t\t\t\t<\/div>\n\t\t<div class=\"elementor-element elementor-element-bede07b e-flex e-con-boxed elementor-repeater-item-default_padding elementor-repeater-item-none elementor-repeater-item-none_hover e-con e-parent\" data-id=\"bede07b\" data-element_type=\"container\" data-e-type=\"container\" data-settings=\"{&quot;ang_container_spacing_size&quot;:&quot;default_padding&quot;,&quot;jet_parallax_layout_list&quot;:[]}\">\n\t\t\t\t\t<div class=\"e-con-inner\">\n\t\t\t\t<div class=\"elementor-element elementor-element-5ba8e83b elementor-repeater-item-none elementor-repeater-item-none_hover elementor-widget elementor-widget-icon-box\" data-id=\"5ba8e83b\" data-element_type=\"widget\" data-e-type=\"widget\" data-widget_type=\"icon-box.default\">\n\t\t\t\t<div class=\"elementor-widget-container\">\n\t\t\t\t\t\t\t<div class=\"elementor-icon-box-wrapper\">\n\n\t\t\t\n\t\t\t\t\t\t<div class=\"elementor-icon-box-content\">\n\n\t\t\t\t\t\t\t\t\t<h3 class=\"elementor-icon-box-title\">\n\t\t\t\t\t\t<span  >\n\t\t\t\t\t\t\tDuurzame bedrijfscultuur\t\t\t\t\t\t<\/span>\n\t\t\t\t\t<\/h3>\n\t\t\t\t\n\t\t\t\t\t\t\t\t\t<p class=\"elementor-icon-box-description\">\n\t\t\t\t\t\tVanaf 2026 doneren we 1% van onze omzet van 2025 aan een herbebossingsproject, als concrete bijdrage aan een duurzamere toekomst.\nWe bevorderen ook vastberaden diversiteit en inclusie. Bij Talentum presenteren we uitsluitend de best beschikbare professionals, zonder onderscheid van afkomst, ras, nationaliteit, religie, geslacht of seksuele geaardheid.\nOmdat echt leiderschap vele vormen aanneemt - en begint met gelijke kansen bieden aan iedereen.\t\t\t\t\t<\/p>\n\t\t\t\t\n\t\t\t<\/div>\n\t\t\t\n\t\t<\/div>\n\t\t\t\t\t\t<\/div>\n\t\t\t\t<\/div>\n\t\t\t\t\t<\/div>\n\t\t\t\t<\/div>\n\t\t<div class=\"elementor-element elementor-element-5cb10367 e-con-full e-flex elementor-repeater-item-default_padding sk-none elementor-repeater-item-none elementor-repeater-item-none_hover e-con e-parent\" data-id=\"5cb10367\" data-element_type=\"container\" data-e-type=\"container\" data-settings=\"{&quot;background_background&quot;:&quot;classic&quot;,&quot;ang_container_spacing_size&quot;:&quot;default_padding&quot;,&quot;jet_parallax_layout_list&quot;:[]}\">\n\t\t<div class=\"elementor-element elementor-element-34795586 e-con-full e-flex elementor-repeater-item-default_padding sk-none elementor-repeater-item-none elementor-repeater-item-none_hover e-con e-child\" data-id=\"34795586\" data-element_type=\"container\" data-e-type=\"container\" data-settings=\"{&quot;background_background&quot;:&quot;classic&quot;,&quot;ang_container_spacing_size&quot;:&quot;default_padding&quot;,&quot;jet_parallax_layout_list&quot;:[]}\">\n\t\t\t\t<div class=\"elementor-element elementor-element-188e72bf elementor-cta--layout-image-left elementor-cta--mobile-layout-image-above elementor-cta--valign-middle elementor-cta--skin-classic elementor-animated-content elementor-bg-transform elementor-bg-transform-zoom-in elementor-repeater-item-none elementor-repeater-item-none_hover elementor-widget elementor-widget-call-to-action\" data-id=\"188e72bf\" data-element_type=\"widget\" data-e-type=\"widget\" data-widget_type=\"call-to-action.default\">\n\t\t\t\t<div class=\"elementor-widget-container\">\n\t\t\t\t\t\t\t<div class=\"elementor-cta\">\n\t\t\t\t\t<div class=\"elementor-cta__bg-wrapper\">\n\t\t\t\t<div class=\"elementor-cta__bg elementor-bg\" style=\"background-image: url(https:\/\/talentumgrs.com\/wp-content\/uploads\/sites\/571\/2025\/06\/1133-1.jpg);\" role=\"img\" aria-label=\"1133 (1)\"><\/div>\n\t\t\t\t<div class=\"elementor-cta__bg-overlay\"><\/div>\n\t\t\t<\/div>\n\t\t\t\t\t\t\t\t<\/div>\n\t\t\t\t\t\t<\/div>\n\t\t\t\t<\/div>\n\t\t\t\t<\/div>\n\t\t\t\t<\/div>\n\t\t\t\t<\/div>\n\t\t","protected":false},"excerpt":{"rendered":"<p>Milieu Betrokkenheid bij duurzaamheid Bij Talentum geloven we dat zelfs een boutiquebureau een actieve rol kan spelen op het gebied van milieu-, sociale en goed bestuurverantwoordelijkheid (ESG). Onze voetafdruk mag dan klein zijn, maar elke actie telt. Belangrijke milieusectoren We werken samen met actieve organisaties in hernieuwbare energie, afvalbeheer, energie-effici\u00ebntie en circulaire economie om sleutelposities &#8230; <a title=\"Milieu\" class=\"read-more\" href=\"https:\/\/talentumgrs.com\/nl\/milieu\/\" aria-label=\"Lees meer over Milieu\">Lees verder<\/a><\/p>\n","protected":false},"author":6,"featured_media":0,"parent":0,"menu_order":0,"comment_status":"closed","ping_status":"closed","template":"elementor_header_footer","meta":{"_acf_changed":false,"footnotes":""},"class_list":["post-10006","page","type-page","status-publish"],"yoast_head":"<!-- This site is optimized with the Yoast SEO plugin v27.4 - https:\/\/yoast.com\/product\/yoast-seo-wordpress\/ -->\n<title>Executive search met verantwoordelijke impact | Talentum Madrid<\/title>\n<meta name=\"description\" content=\"Talentum integreert duurzame waarden in haar personeelsselectieproces, met een wereldwijde focus en persoonlijke benadering.\" \/>\n<meta name=\"robots\" content=\"index, follow, max-snippet:-1, max-image-preview:large, max-video-preview:-1\" \/>\n<link rel=\"canonical\" href=\"https:\/\/talentumgrs.com\/medio-ambiente\/\" \/>\n<meta property=\"og:locale\" content=\"nl_NL\" \/>\n<meta property=\"og:type\" content=\"article\" \/>\n<meta property=\"og:title\" content=\"Executive search met verantwoordelijke impact | Talentum Madrid\" \/>\n<meta property=\"og:description\" content=\"Talentum integreert duurzame waarden in haar personeelsselectieproces, met een wereldwijde focus en persoonlijke benadering.\" \/>\n<meta property=\"og:url\" content=\"https:\/\/talentumgrs.com\/medio-ambiente\/\" \/>\n<meta property=\"og:site_name\" content=\"Talentum Global Recruitment Services S.L. | reclutamiento de talento internacional\" \/>\n<meta property=\"article:modified_time\" content=\"2025-06-23T14:23:11+00:00\" \/>\n<meta name=\"twitter:card\" content=\"summary_large_image\" \/>\n<meta name=\"twitter:label1\" content=\"Geschatte leestijd\" \/>\n\t<meta name=\"twitter:data1\" content=\"1 minuut\" \/>\n<script type=\"application\/ld+json\" class=\"yoast-schema-graph\">{\"@context\":\"https:\\\/\\\/schema.org\",\"@graph\":[{\"@type\":\"WebPage\",\"@id\":\"https:\\\/\\\/talentumgrs.com\\\/medio-ambiente\\\/\",\"url\":\"https:\\\/\\\/talentumgrs.com\\\/medio-ambiente\\\/\",\"name\":\"Executive search met verantwoordelijke impact | Talentum Madrid\",\"isPartOf\":{\"@id\":\"https:\\\/\\\/talentumgrs.com\\\/#website\"},\"datePublished\":\"2025-06-02T12:38:36+00:00\",\"dateModified\":\"2025-06-23T14:23:11+00:00\",\"description\":\"Talentum integreert duurzame waarden in haar personeelsselectieproces, met een wereldwijde focus en persoonlijke benadering.\",\"breadcrumb\":{\"@id\":\"https:\\\/\\\/talentumgrs.com\\\/medio-ambiente\\\/#breadcrumb\"},\"inLanguage\":\"nl-NL\",\"potentialAction\":[{\"@type\":\"ReadAction\",\"target\":[\"https:\\\/\\\/talentumgrs.com\\\/medio-ambiente\\\/\"]}]},{\"@type\":\"BreadcrumbList\",\"@id\":\"https:\\\/\\\/talentumgrs.com\\\/medio-ambiente\\\/#breadcrumb\",\"itemListElement\":[{\"@type\":\"ListItem\",\"position\":1,\"name\":\"Portada\",\"item\":\"https:\\\/\\\/talentumgrs.com\\\/\"},{\"@type\":\"ListItem\",\"position\":2,\"name\":\"Milieu\"}]},{\"@type\":\"WebSite\",\"@id\":\"https:\\\/\\\/talentumgrs.com\\\/#website\",\"url\":\"https:\\\/\\\/talentumgrs.com\\\/\",\"name\":\"Talentum Global Recruitment Services S.L. | reclutamiento de talento internacional\",\"description\":\"Ayudamos a las empresas a encontrar talento de alto nivel m\u00e1s all\u00e1 de las fronteras, combinando una estrategia global con sensibilidad cultural y precisi\u00f3n\",\"publisher\":{\"@id\":\"https:\\\/\\\/talentumgrs.com\\\/#organization\"},\"potentialAction\":[{\"@type\":\"SearchAction\",\"target\":{\"@type\":\"EntryPoint\",\"urlTemplate\":\"https:\\\/\\\/talentumgrs.com\\\/?s={search_term_string}\"},\"query-input\":{\"@type\":\"PropertyValueSpecification\",\"valueRequired\":true,\"valueName\":\"search_term_string\"}}],\"inLanguage\":\"nl-NL\"},{\"@type\":\"Organization\",\"@id\":\"https:\\\/\\\/talentumgrs.com\\\/#organization\",\"name\":\"Talentum Global Recruitment Services S.L. | reclutamiento de talento internacional\",\"url\":\"https:\\\/\\\/talentumgrs.com\\\/\",\"logo\":{\"@type\":\"ImageObject\",\"inLanguage\":\"nl-NL\",\"@id\":\"https:\\\/\\\/talentumgrs.com\\\/#\\\/schema\\\/logo\\\/image\\\/\",\"url\":\"https:\\\/\\\/talentumgrs.com\\\/wp-content\\\/uploads\\\/sites\\\/571\\\/2025\\\/05\\\/cropped-logo_white_background-scaled-1.jpg\",\"contentUrl\":\"https:\\\/\\\/talentumgrs.com\\\/wp-content\\\/uploads\\\/sites\\\/571\\\/2025\\\/05\\\/cropped-logo_white_background-scaled-1.jpg\",\"width\":2559,\"height\":512,\"caption\":\"Talentum Global Recruitment Services S.L. | reclutamiento de talento internacional\"},\"image\":{\"@id\":\"https:\\\/\\\/talentumgrs.com\\\/#\\\/schema\\\/logo\\\/image\\\/\"}}]}<\/script>\n<!-- \/ Yoast SEO plugin. -->","yoast_head_json":{"title":"Executive search met verantwoordelijke impact | Talentum Madrid","description":"Talentum integreert duurzame waarden in haar personeelsselectieproces, met een wereldwijde focus en persoonlijke benadering.","robots":{"index":"index","follow":"follow","max-snippet":"max-snippet:-1","max-image-preview":"max-image-preview:large","max-video-preview":"max-video-preview:-1"},"canonical":"https:\/\/talentumgrs.com\/medio-ambiente\/","og_locale":"nl_NL","og_type":"article","og_title":"Executive search met verantwoordelijke impact | Talentum Madrid","og_description":"Talentum integreert duurzame waarden in haar personeelsselectieproces, met een wereldwijde focus en persoonlijke benadering.","og_url":"https:\/\/talentumgrs.com\/medio-ambiente\/","og_site_name":"Talentum Global Recruitment Services S.L. | reclutamiento de talento internacional","article_modified_time":"2025-06-23T14:23:11+00:00","twitter_card":"summary_large_image","twitter_misc":{"Geschatte leestijd":"1 minuut"},"schema":{"@context":"https:\/\/schema.org","@graph":[{"@type":"WebPage","@id":"https:\/\/talentumgrs.com\/medio-ambiente\/","url":"https:\/\/talentumgrs.com\/medio-ambiente\/","name":"Executive search met verantwoordelijke impact | Talentum Madrid","isPartOf":{"@id":"https:\/\/talentumgrs.com\/#website"},"datePublished":"2025-06-02T12:38:36+00:00","dateModified":"2025-06-23T14:23:11+00:00","description":"Talentum integreert duurzame waarden in haar personeelsselectieproces, met een wereldwijde focus en persoonlijke benadering.","breadcrumb":{"@id":"https:\/\/talentumgrs.com\/medio-ambiente\/#breadcrumb"},"inLanguage":"nl-NL","potentialAction":[{"@type":"ReadAction","target":["https:\/\/talentumgrs.com\/medio-ambiente\/"]}]},{"@type":"BreadcrumbList","@id":"https:\/\/talentumgrs.com\/medio-ambiente\/#breadcrumb","itemListElement":[{"@type":"ListItem","position":1,"name":"Portada","item":"https:\/\/talentumgrs.com\/"},{"@type":"ListItem","position":2,"name":"Milieu"}]},{"@type":"WebSite","@id":"https:\/\/talentumgrs.com\/#website","url":"https:\/\/talentumgrs.com\/","name":"Talentum Global Recruitment Services S.L. | reclutamiento de talento internacional","description":"Ayudamos a las empresas a encontrar talento de alto nivel m\u00e1s all\u00e1 de las fronteras, combinando una estrategia global con sensibilidad cultural y precisi\u00f3n","publisher":{"@id":"https:\/\/talentumgrs.com\/#organization"},"potentialAction":[{"@type":"SearchAction","target":{"@type":"EntryPoint","urlTemplate":"https:\/\/talentumgrs.com\/?s={search_term_string}"},"query-input":{"@type":"PropertyValueSpecification","valueRequired":true,"valueName":"search_term_string"}}],"inLanguage":"nl-NL"},{"@type":"Organization","@id":"https:\/\/talentumgrs.com\/#organization","name":"Talentum Global Recruitment Services S.L. | reclutamiento de talento internacional","url":"https:\/\/talentumgrs.com\/","logo":{"@type":"ImageObject","inLanguage":"nl-NL","@id":"https:\/\/talentumgrs.com\/#\/schema\/logo\/image\/","url":"https:\/\/talentumgrs.com\/wp-content\/uploads\/sites\/571\/2025\/05\/cropped-logo_white_background-scaled-1.jpg","contentUrl":"https:\/\/talentumgrs.com\/wp-content\/uploads\/sites\/571\/2025\/05\/cropped-logo_white_background-scaled-1.jpg","width":2559,"height":512,"caption":"Talentum Global Recruitment Services S.L. | reclutamiento de talento internacional"},"image":{"@id":"https:\/\/talentumgrs.com\/#\/schema\/logo\/image\/"}}]}},"acf":[],"_links":{"self":[{"href":"https:\/\/talentumgrs.com\/nl\/wp-json\/wp\/v2\/pages\/10006","targetHints":{"allow":["GET"]}}],"collection":[{"href":"https:\/\/talentumgrs.com\/nl\/wp-json\/wp\/v2\/pages"}],"about":[{"href":"https:\/\/talentumgrs.com\/nl\/wp-json\/wp\/v2\/types\/page"}],"author":[{"embeddable":true,"href":"https:\/\/talentumgrs.com\/nl\/wp-json\/wp\/v2\/users\/6"}],"replies":[{"embeddable":true,"href":"https:\/\/talentumgrs.com\/nl\/wp-json\/wp\/v2\/comments?post=10006"}],"version-history":[{"count":0,"href":"https:\/\/talentumgrs.com\/nl\/wp-json\/wp\/v2\/pages\/10006\/revisions"}],"wp:attachment":[{"href":"https:\/\/talentumgrs.com\/nl\/wp-json\/wp\/v2\/media?parent=10006"}],"curies":[{"name":"wp","href":"https:\/\/api.w.org\/{rel}","templated":true}]}}