{"id":10004,"date":"2025-05-16T11:45:33","date_gmt":"2025-05-16T09:45:33","guid":{"rendered":"https:\/\/b09765769.es\/vacancies\/"},"modified":"2025-09-19T12:58:50","modified_gmt":"2025-09-19T10:58:50","slug":"vacancies","status":"publish","type":"page","link":"https:\/\/talentumgrs.com\/en\/vacancies\/","title":{"rendered":"vacancies"},"content":{"rendered":"\t\t<div data-elementor-type=\"wp-page\" data-elementor-id=\"10004\" class=\"elementor elementor-10004 elementor-9182\" data-elementor-post-type=\"page\">\n\t\t\t\t<div class=\"elementor-element elementor-element-2850599 e-flex e-con-boxed elementor-repeater-item-default_padding sk-none elementor-repeater-item-none elementor-repeater-item-none_hover e-con e-parent\" data-id=\"2850599\" data-element_type=\"container\" data-e-type=\"container\" data-settings=\"{&quot;background_background&quot;:&quot;classic&quot;,&quot;ang_container_spacing_size&quot;:&quot;default_padding&quot;,&quot;jet_parallax_layout_list&quot;:[]}\">\n\t\t\t\t\t<div class=\"e-con-inner\">\n\t\t<div class=\"elementor-element elementor-element-1d02979 e-con-full e-flex elementor-repeater-item-default_padding elementor-repeater-item-none elementor-repeater-item-none_hover e-con e-child\" data-id=\"1d02979\" data-element_type=\"container\" data-e-type=\"container\" data-settings=\"{&quot;ang_container_spacing_size&quot;:&quot;default_padding&quot;,&quot;jet_parallax_layout_list&quot;:[]}\">\n\t\t<div class=\"elementor-element elementor-element-d4ee29c e-con-full e-flex elementor-repeater-item-default_padding elementor-repeater-item-none elementor-repeater-item-none_hover e-con e-child\" data-id=\"d4ee29c\" data-element_type=\"container\" data-e-type=\"container\" data-settings=\"{&quot;ang_container_spacing_size&quot;:&quot;default_padding&quot;,&quot;jet_parallax_layout_list&quot;:[]}\">\n\t\t<div class=\"elementor-element elementor-element-b34f74f e-con-full e-flex elementor-repeater-item-default_padding elementor-repeater-item-none elementor-repeater-item-none_hover e-con e-child\" data-id=\"b34f74f\" data-element_type=\"container\" data-e-type=\"container\" data-settings=\"{&quot;ang_container_spacing_size&quot;:&quot;default_padding&quot;,&quot;jet_parallax_layout_list&quot;:[]}\">\n\t\t\t\t<div class=\"elementor-element elementor-element-829761c elementor-repeater-item-none elementor-repeater-item-none_hover elementor-invisible elementor-widget elementor-widget-heading\" data-id=\"829761c\" data-element_type=\"widget\" data-e-type=\"widget\" data-settings=\"{&quot;_animation&quot;:&quot;fadeInUp&quot;}\" data-widget_type=\"heading.default\">\n\t\t\t\t<div class=\"elementor-widget-container\">\n\t\t\t\t\t<h1 class=\"elementor-heading-title elementor-size-default\">Vacancies<\/h1>\t\t\t\t<\/div>\n\t\t\t\t<\/div>\n\t\t\t\t<\/div>\n\t\t\t\t<\/div>\n\t\t\t\t<\/div>\n\t\t\t\t\t<\/div>\n\t\t\t\t<\/div>\n\t\t<div class=\"elementor-element elementor-element-68b8294 e-flex e-con-boxed elementor-repeater-item-default_padding sk-none elementor-repeater-item-none elementor-repeater-item-none_hover e-con e-parent\" data-id=\"68b8294\" data-element_type=\"container\" data-e-type=\"container\" data-settings=\"{&quot;background_background&quot;:&quot;classic&quot;,&quot;ang_container_spacing_size&quot;:&quot;default_padding&quot;,&quot;jet_parallax_layout_list&quot;:[]}\">\n\t\t\t\t\t<div class=\"e-con-inner\">\n\t\t<div class=\"elementor-element elementor-element-42f5a1c e-con-full e-flex elementor-repeater-item-default_padding elementor-repeater-item-none elementor-repeater-item-none_hover e-con e-child\" data-id=\"42f5a1c\" data-element_type=\"container\" data-e-type=\"container\" data-settings=\"{&quot;ang_container_spacing_size&quot;:&quot;default_padding&quot;,&quot;jet_parallax_layout_list&quot;:[]}\">\n\t\t<div class=\"elementor-element elementor-element-a459731 e-con-full e-flex elementor-repeater-item-default_padding elementor-repeater-item-none elementor-repeater-item-none_hover e-con e-child\" data-id=\"a459731\" data-element_type=\"container\" data-e-type=\"container\" data-settings=\"{&quot;ang_container_spacing_size&quot;:&quot;default_padding&quot;,&quot;jet_parallax_layout_list&quot;:[]}\">\n\t\t<div class=\"elementor-element elementor-element-2670c38 e-con-full e-flex elementor-repeater-item-default_padding elementor-repeater-item-none elementor-repeater-item-none_hover e-con e-child\" data-id=\"2670c38\" data-element_type=\"container\" data-e-type=\"container\" data-settings=\"{&quot;ang_container_spacing_size&quot;:&quot;default_padding&quot;,&quot;jet_parallax_layout_list&quot;:[]}\">\n\t\t\t\t<div class=\"elementor-element elementor-element-2005854 elementor-repeater-item-none elementor-repeater-item-none_hover elementor-widget elementor-widget-heading\" data-id=\"2005854\" data-element_type=\"widget\" data-e-type=\"widget\" data-widget_type=\"heading.default\">\n\t\t\t\t<div class=\"elementor-widget-container\">\n\t\t\t\t\t<h2 class=\"elementor-heading-title elementor-size-default\">Actual Vacancies<\/h2>\t\t\t\t<\/div>\n\t\t\t\t<\/div>\n\t\t\t\t<div class=\"elementor-element elementor-element-3462e28 elementor-repeater-item-none elementor-repeater-item-none_hover elementor-widget elementor-widget-text-editor\" data-id=\"3462e28\" data-element_type=\"widget\" data-e-type=\"widget\" data-widget_type=\"text-editor.default\">\n\t\t\t\t<div class=\"elementor-widget-container\">\n\t\t\t\t\t\t\t\t\t<p data-start=\"1338\" data-end=\"1592\">Looking for a new professional challenge? Explore our current openings and find the opportunity that aligns with your experience and aspirations. If you don&#8217;t see a position that suits your profile, don&#8217;t hesitate to send us your resume for future opportunities.<\/p>\t\t\t\t\t\t\t\t<\/div>\n\t\t\t\t<\/div>\n\t\t\t\t<div class=\"elementor-element elementor-element-36afde6 elementor-grid-4 elementor-grid-tablet-2 elementor-grid-mobile-1 elementor-posts--thumbnail-top elementor-card-shadow-yes elementor-posts__hover-gradient elementor-repeater-item-none elementor-repeater-item-none_hover elementor-widget elementor-widget-posts\" data-id=\"36afde6\" data-element_type=\"widget\" data-e-type=\"widget\" data-settings=\"{&quot;cards_columns&quot;:&quot;4&quot;,&quot;cards_columns_tablet&quot;:&quot;2&quot;,&quot;cards_columns_mobile&quot;:&quot;1&quot;,&quot;cards_row_gap&quot;:{&quot;unit&quot;:&quot;px&quot;,&quot;size&quot;:35,&quot;sizes&quot;:[]},&quot;cards_row_gap_tablet&quot;:{&quot;unit&quot;:&quot;px&quot;,&quot;size&quot;:&quot;&quot;,&quot;sizes&quot;:[]},&quot;cards_row_gap_mobile&quot;:{&quot;unit&quot;:&quot;px&quot;,&quot;size&quot;:&quot;&quot;,&quot;sizes&quot;:[]}}\" data-widget_type=\"posts.cards\">\n\t\t\t\t<div class=\"elementor-widget-container\">\n\t\t\t\t\t\t\t<div class=\"elementor-posts-container elementor-posts elementor-posts--skin-cards elementor-grid\">\n\t\t\t\t<article class=\"elementor-post elementor-grid-item post-10590 post type-post status-publish format-standard has-post-thumbnail hentry category-vacancies\">\n\t\t\t<div class=\"elementor-post__card\">\n\t\t\t\t<a class=\"elementor-post__thumbnail__link\" href=\"https:\/\/talentumgrs.com\/en\/example-position-3\/\" tabindex=\"-1\" ><div class=\"elementor-post__thumbnail\"><img fetchpriority=\"high\" decoding=\"async\" width=\"1500\" height=\"1000\" src=\"https:\/\/talentumgrs.com\/wp-content\/uploads\/sites\/571\/2025\/04\/2645_result.webp\" class=\"attachment-full size-full wp-image-9040\" alt=\"consultor\u00eda en recursos humanos en Madrid\" srcset=\"https:\/\/talentumgrs.com\/wp-content\/uploads\/sites\/571\/2025\/04\/2645_result.webp 1500w, https:\/\/talentumgrs.com\/wp-content\/uploads\/sites\/571\/2025\/04\/2645_result-300x200.webp 300w, https:\/\/talentumgrs.com\/wp-content\/uploads\/sites\/571\/2025\/04\/2645_result-1024x683.webp 1024w, https:\/\/talentumgrs.com\/wp-content\/uploads\/sites\/571\/2025\/04\/2645_result-768x512.webp 768w\" sizes=\"(max-width: 1500px) 100vw, 1500px\" \/><\/div><\/a>\n\t\t\t\t<div class=\"elementor-post__badge\">Vacancies<\/div>\n\t\t\t\t<div class=\"elementor-post__text\">\n\t\t\t\t<h3 class=\"elementor-post__title\">\n\t\t\t<a href=\"https:\/\/talentumgrs.com\/en\/example-position-3\/\" >\n\t\t\t\tExample Position\t\t\t<\/a>\n\t\t<\/h3>\n\t\t\t\t<div class=\"elementor-post__excerpt\">\n\t\t\t<p>Company: Distributor located in 9 de Abril, MadridDay: Full-timeRequirements: Minimum 1 year of experience in gastronomy (hotels\/restaurants) Complete secondary school Full-time availability Punctuality and responsibility<\/p>\n\t\t<\/div>\n\t\t\n\t\t<a class=\"elementor-post__read-more\" href=\"https:\/\/talentumgrs.com\/en\/example-position-3\/\" aria-label=\"Read more about Example Position\" tabindex=\"-1\" >\n\t\t\tRead more \u00bb\t\t<\/a>\n\n\t\t\t\t<\/div>\n\t\t\t\t<div class=\"elementor-post__meta-data\">\n\t\t\t\t\t<span class=\"elementor-post-date\">\n\t\t\t4 de November de 2025\t\t<\/span>\n\t\t\t\t<\/div>\n\t\t\t\t\t<\/div>\n\t\t<\/article>\n\t\t\t\t<article class=\"elementor-post elementor-grid-item post-10304 post type-post status-publish format-standard has-post-thumbnail hentry category-vacancies\">\n\t\t\t<div class=\"elementor-post__card\">\n\t\t\t\t<a class=\"elementor-post__thumbnail__link\" href=\"https:\/\/talentumgrs.com\/en\/example-position\/\" tabindex=\"-1\" ><div class=\"elementor-post__thumbnail\"><img fetchpriority=\"high\" decoding=\"async\" width=\"1500\" height=\"1000\" src=\"https:\/\/talentumgrs.com\/wp-content\/uploads\/sites\/571\/2025\/04\/2645_result.webp\" class=\"attachment-full size-full wp-image-9040\" alt=\"consultor\u00eda en recursos humanos en Madrid\" srcset=\"https:\/\/talentumgrs.com\/wp-content\/uploads\/sites\/571\/2025\/04\/2645_result.webp 1500w, https:\/\/talentumgrs.com\/wp-content\/uploads\/sites\/571\/2025\/04\/2645_result-300x200.webp 300w, https:\/\/talentumgrs.com\/wp-content\/uploads\/sites\/571\/2025\/04\/2645_result-1024x683.webp 1024w, https:\/\/talentumgrs.com\/wp-content\/uploads\/sites\/571\/2025\/04\/2645_result-768x512.webp 768w\" sizes=\"(max-width: 1500px) 100vw, 1500px\" \/><\/div><\/a>\n\t\t\t\t<div class=\"elementor-post__badge\">Vacancies<\/div>\n\t\t\t\t<div class=\"elementor-post__text\">\n\t\t\t\t<h3 class=\"elementor-post__title\">\n\t\t\t<a href=\"https:\/\/talentumgrs.com\/en\/example-position\/\" >\n\t\t\t\tExample Position\t\t\t<\/a>\n\t\t<\/h3>\n\t\t\t\t<div class=\"elementor-post__excerpt\">\n\t\t\t<p>Company: Distributor located in 9 de Abril, MadridDay: Full-timeRequirements: Minimum 1 year of experience in gastronomy (hotels\/restaurants) Complete secondary school Full-time availability Punctuality and responsibility<\/p>\n\t\t<\/div>\n\t\t\n\t\t<a class=\"elementor-post__read-more\" href=\"https:\/\/talentumgrs.com\/en\/example-position\/\" aria-label=\"Read more about Example Position\" tabindex=\"-1\" >\n\t\t\tRead more \u00bb\t\t<\/a>\n\n\t\t\t\t<\/div>\n\t\t\t\t<div class=\"elementor-post__meta-data\">\n\t\t\t\t\t<span class=\"elementor-post-date\">\n\t\t\t14 de May de 2025\t\t<\/span>\n\t\t\t\t<\/div>\n\t\t\t\t\t<\/div>\n\t\t<\/article>\n\t\t\t\t<\/div>\n\t\t\n\t\t\t\t\t\t<\/div>\n\t\t\t\t<\/div>\n\t\t\t\t<\/div>\n\t\t\t\t<\/div>\n\t\t\t\t<\/div>\n\t\t\t\t\t<\/div>\n\t\t\t\t<\/div>\n\t\t\t\t<\/div>\n\t\t","protected":false},"excerpt":{"rendered":"<p>Vacancies Actual Vacancies Looking for a new professional challenge? Explore our current openings and find the opportunity that aligns with your experience and aspirations. If you don&#8217;t see a position that suits your profile, don&#8217;t hesitate to send us your resume for future opportunities.<\/p>\n","protected":false},"author":6,"featured_media":0,"parent":0,"menu_order":0,"comment_status":"closed","ping_status":"closed","template":"elementor_header_footer","meta":{"_acf_changed":false,"footnotes":""},"class_list":["post-10004","page","type-page","status-publish","hentry"],"yoast_head":"<!-- This site is optimized with the Yoast SEO plugin v27.4 - https:\/\/yoast.com\/product\/yoast-seo-wordpress\/ -->\n<title>Executive offers and vacancies | Talentum global recruitment<\/title>\n<meta name=\"description\" content=\"Discover professional opportunities in executive search in Madrid. We connect talent with companies looking for leaders with real impact.\" \/>\n<meta name=\"robots\" content=\"index, follow, max-snippet:-1, max-image-preview:large, max-video-preview:-1\" \/>\n<link rel=\"canonical\" href=\"https:\/\/talentumgrs.com\/en\/vacancies\/\" \/>\n<meta property=\"og:locale\" content=\"en_US\" \/>\n<meta property=\"og:type\" content=\"article\" \/>\n<meta property=\"og:title\" content=\"Executive offers and vacancies | Talentum global recruitment\" \/>\n<meta property=\"og:description\" content=\"Discover professional opportunities in executive search in Madrid. We connect talent with companies looking for leaders with real impact.\" \/>\n<meta property=\"og:url\" content=\"https:\/\/talentumgrs.com\/en\/vacancies\/\" \/>\n<meta property=\"og:site_name\" content=\"Talentum Global Recruitment Services S.L. | reclutamiento de talento internacional\" \/>\n<meta property=\"article:modified_time\" content=\"2025-09-19T10:58:50+00:00\" \/>\n<meta name=\"twitter:card\" content=\"summary_large_image\" \/>\n<meta name=\"twitter:label1\" content=\"Est. reading time\" \/>\n\t<meta name=\"twitter:data1\" content=\"1 minute\" \/>\n<script type=\"application\/ld+json\" class=\"yoast-schema-graph\">{\"@context\":\"https:\\\/\\\/schema.org\",\"@graph\":[{\"@type\":\"WebPage\",\"@id\":\"https:\\\/\\\/talentumgrs.com\\\/en\\\/vacancies\\\/\",\"url\":\"https:\\\/\\\/talentumgrs.com\\\/en\\\/vacancies\\\/\",\"name\":\"Executive offers and vacancies | Talentum global recruitment\",\"isPartOf\":{\"@id\":\"https:\\\/\\\/talentumgrs.com\\\/#website\"},\"datePublished\":\"2025-05-16T09:45:33+00:00\",\"dateModified\":\"2025-09-19T10:58:50+00:00\",\"description\":\"Discover professional opportunities in executive search in Madrid. We connect talent with companies looking for leaders with real impact.\",\"breadcrumb\":{\"@id\":\"https:\\\/\\\/talentumgrs.com\\\/en\\\/vacancies\\\/#breadcrumb\"},\"inLanguage\":\"en-US\",\"potentialAction\":[{\"@type\":\"ReadAction\",\"target\":[\"https:\\\/\\\/talentumgrs.com\\\/en\\\/vacancies\\\/\"]}]},{\"@type\":\"BreadcrumbList\",\"@id\":\"https:\\\/\\\/talentumgrs.com\\\/en\\\/vacancies\\\/#breadcrumb\",\"itemListElement\":[{\"@type\":\"ListItem\",\"position\":1,\"name\":\"Portada\",\"item\":\"https:\\\/\\\/talentumgrs.com\\\/\"},{\"@type\":\"ListItem\",\"position\":2,\"name\":\"vacancies\"}]},{\"@type\":\"WebSite\",\"@id\":\"https:\\\/\\\/talentumgrs.com\\\/#website\",\"url\":\"https:\\\/\\\/talentumgrs.com\\\/\",\"name\":\"Talentum Global Recruitment Services S.L. | reclutamiento de talento internacional\",\"description\":\"Ayudamos a las empresas a encontrar talento de alto nivel m\u00e1s all\u00e1 de las fronteras, combinando una estrategia global con sensibilidad cultural y precisi\u00f3n\",\"publisher\":{\"@id\":\"https:\\\/\\\/talentumgrs.com\\\/#organization\"},\"potentialAction\":[{\"@type\":\"SearchAction\",\"target\":{\"@type\":\"EntryPoint\",\"urlTemplate\":\"https:\\\/\\\/talentumgrs.com\\\/?s={search_term_string}\"},\"query-input\":{\"@type\":\"PropertyValueSpecification\",\"valueRequired\":true,\"valueName\":\"search_term_string\"}}],\"inLanguage\":\"en-US\"},{\"@type\":\"Organization\",\"@id\":\"https:\\\/\\\/talentumgrs.com\\\/#organization\",\"name\":\"Talentum Global Recruitment Services S.L. | reclutamiento de talento internacional\",\"url\":\"https:\\\/\\\/talentumgrs.com\\\/\",\"logo\":{\"@type\":\"ImageObject\",\"inLanguage\":\"en-US\",\"@id\":\"https:\\\/\\\/talentumgrs.com\\\/#\\\/schema\\\/logo\\\/image\\\/\",\"url\":\"https:\\\/\\\/talentumgrs.com\\\/wp-content\\\/uploads\\\/sites\\\/571\\\/2025\\\/05\\\/cropped-logo_white_background-scaled-1.jpg\",\"contentUrl\":\"https:\\\/\\\/talentumgrs.com\\\/wp-content\\\/uploads\\\/sites\\\/571\\\/2025\\\/05\\\/cropped-logo_white_background-scaled-1.jpg\",\"width\":2559,\"height\":512,\"caption\":\"Talentum Global Recruitment Services S.L. | reclutamiento de talento internacional\"},\"image\":{\"@id\":\"https:\\\/\\\/talentumgrs.com\\\/#\\\/schema\\\/logo\\\/image\\\/\"}}]}<\/script>\n<!-- \/ Yoast SEO plugin. -->","yoast_head_json":{"title":"Executive offers and vacancies | Talentum global recruitment","description":"Discover professional opportunities in executive search in Madrid. We connect talent with companies looking for leaders with real impact.","robots":{"index":"index","follow":"follow","max-snippet":"max-snippet:-1","max-image-preview":"max-image-preview:large","max-video-preview":"max-video-preview:-1"},"canonical":"https:\/\/talentumgrs.com\/en\/vacancies\/","og_locale":"en_US","og_type":"article","og_title":"Executive offers and vacancies | Talentum global recruitment","og_description":"Discover professional opportunities in executive search in Madrid. We connect talent with companies looking for leaders with real impact.","og_url":"https:\/\/talentumgrs.com\/en\/vacancies\/","og_site_name":"Talentum Global Recruitment Services S.L. | reclutamiento de talento internacional","article_modified_time":"2025-09-19T10:58:50+00:00","twitter_card":"summary_large_image","twitter_misc":{"Est. reading time":"1 minute"},"schema":{"@context":"https:\/\/schema.org","@graph":[{"@type":"WebPage","@id":"https:\/\/talentumgrs.com\/en\/vacancies\/","url":"https:\/\/talentumgrs.com\/en\/vacancies\/","name":"Executive offers and vacancies | Talentum global recruitment","isPartOf":{"@id":"https:\/\/talentumgrs.com\/#website"},"datePublished":"2025-05-16T09:45:33+00:00","dateModified":"2025-09-19T10:58:50+00:00","description":"Discover professional opportunities in executive search in Madrid. We connect talent with companies looking for leaders with real impact.","breadcrumb":{"@id":"https:\/\/talentumgrs.com\/en\/vacancies\/#breadcrumb"},"inLanguage":"en-US","potentialAction":[{"@type":"ReadAction","target":["https:\/\/talentumgrs.com\/en\/vacancies\/"]}]},{"@type":"BreadcrumbList","@id":"https:\/\/talentumgrs.com\/en\/vacancies\/#breadcrumb","itemListElement":[{"@type":"ListItem","position":1,"name":"Portada","item":"https:\/\/talentumgrs.com\/"},{"@type":"ListItem","position":2,"name":"vacancies"}]},{"@type":"WebSite","@id":"https:\/\/talentumgrs.com\/#website","url":"https:\/\/talentumgrs.com\/","name":"Talentum Global Recruitment Services S.L. | reclutamiento de talento internacional","description":"Ayudamos a las empresas a encontrar talento de alto nivel m\u00e1s all\u00e1 de las fronteras, combinando una estrategia global con sensibilidad cultural y precisi\u00f3n","publisher":{"@id":"https:\/\/talentumgrs.com\/#organization"},"potentialAction":[{"@type":"SearchAction","target":{"@type":"EntryPoint","urlTemplate":"https:\/\/talentumgrs.com\/?s={search_term_string}"},"query-input":{"@type":"PropertyValueSpecification","valueRequired":true,"valueName":"search_term_string"}}],"inLanguage":"en-US"},{"@type":"Organization","@id":"https:\/\/talentumgrs.com\/#organization","name":"Talentum Global Recruitment Services S.L. | reclutamiento de talento internacional","url":"https:\/\/talentumgrs.com\/","logo":{"@type":"ImageObject","inLanguage":"en-US","@id":"https:\/\/talentumgrs.com\/#\/schema\/logo\/image\/","url":"https:\/\/talentumgrs.com\/wp-content\/uploads\/sites\/571\/2025\/05\/cropped-logo_white_background-scaled-1.jpg","contentUrl":"https:\/\/talentumgrs.com\/wp-content\/uploads\/sites\/571\/2025\/05\/cropped-logo_white_background-scaled-1.jpg","width":2559,"height":512,"caption":"Talentum Global Recruitment Services S.L. | reclutamiento de talento internacional"},"image":{"@id":"https:\/\/talentumgrs.com\/#\/schema\/logo\/image\/"}}]}},"acf":[],"_links":{"self":[{"href":"https:\/\/talentumgrs.com\/en\/wp-json\/wp\/v2\/pages\/10004","targetHints":{"allow":["GET"]}}],"collection":[{"href":"https:\/\/talentumgrs.com\/en\/wp-json\/wp\/v2\/pages"}],"about":[{"href":"https:\/\/talentumgrs.com\/en\/wp-json\/wp\/v2\/types\/page"}],"author":[{"embeddable":true,"href":"https:\/\/talentumgrs.com\/en\/wp-json\/wp\/v2\/users\/6"}],"replies":[{"embeddable":true,"href":"https:\/\/talentumgrs.com\/en\/wp-json\/wp\/v2\/comments?post=10004"}],"version-history":[{"count":0,"href":"https:\/\/talentumgrs.com\/en\/wp-json\/wp\/v2\/pages\/10004\/revisions"}],"wp:attachment":[{"href":"https:\/\/talentumgrs.com\/en\/wp-json\/wp\/v2\/media?parent=10004"}],"curies":[{"name":"wp","href":"https:\/\/api.w.org\/{rel}","templated":true}]}}