{"id":10003,"date":"2025-06-02T14:38:36","date_gmt":"2025-06-02T12:38:36","guid":{"rendered":"https:\/\/b09765769.es\/environment\/"},"modified":"2025-06-23T16:20:19","modified_gmt":"2025-06-23T14:20:19","slug":"environment","status":"publish","type":"page","link":"https:\/\/talentumgrs.com\/en\/environment\/","title":{"rendered":"Environment"},"content":{"rendered":"\t\t<div data-elementor-type=\"wp-page\" data-elementor-id=\"10003\" class=\"elementor elementor-10003 elementor-9254\" data-elementor-post-type=\"page\">\n\t\t\t\t<div class=\"elementor-element elementor-element-4beed518 e-con-full e-flex elementor-repeater-item-default_padding sk-none elementor-repeater-item-none elementor-repeater-item-none_hover e-con e-parent\" data-id=\"4beed518\" data-element_type=\"container\" data-e-type=\"container\" data-settings=\"{&quot;background_background&quot;:&quot;classic&quot;,&quot;ang_container_spacing_size&quot;:&quot;default_padding&quot;,&quot;jet_parallax_layout_list&quot;:[]}\">\n\t\t\t\t<div class=\"elementor-element elementor-element-1442a64 elementor-repeater-item-none elementor-repeater-item-none_hover elementor-widget elementor-widget-heading\" data-id=\"1442a64\" data-element_type=\"widget\" data-e-type=\"widget\" data-widget_type=\"heading.default\">\n\t\t\t\t<div class=\"elementor-widget-container\">\n\t\t\t\t\t<h2 class=\"elementor-heading-title elementor-size-default\">Environment<\/h2>\t\t\t\t<\/div>\n\t\t\t\t<\/div>\n\t\t\t\t<\/div>\n\t\t<div class=\"elementor-element elementor-element-3076bc3 e-con-full e-flex elementor-repeater-item-default_padding sk-none elementor-repeater-item-none elementor-repeater-item-none_hover e-con e-parent\" data-id=\"3076bc3\" data-element_type=\"container\" data-e-type=\"container\" data-settings=\"{&quot;background_background&quot;:&quot;classic&quot;,&quot;ang_container_spacing_size&quot;:&quot;default_padding&quot;,&quot;jet_parallax_layout_list&quot;:[]}\">\n\t\t<div class=\"elementor-element elementor-element-ec82783 e-con-full elementor-repeater-item-none_hover e-flex elementor-repeater-item-default_padding elementor-repeater-item-none e-con e-child\" data-id=\"ec82783\" data-element_type=\"container\" data-e-type=\"container\" data-settings=\"{&quot;ang_container_spacing_size&quot;:&quot;default_padding&quot;,&quot;jet_parallax_layout_list&quot;:[]}\">\n\t\t<div class=\"elementor-element elementor-element-1554207 e-con-full elementor-repeater-item-none_hover e-flex elementor-repeater-item-default_padding elementor-repeater-item-none e-con e-child\" data-id=\"1554207\" data-element_type=\"container\" data-e-type=\"container\" data-settings=\"{&quot;ang_container_spacing_size&quot;:&quot;default_padding&quot;,&quot;jet_parallax_layout_list&quot;:[]}\">\n\t\t\t\t<div class=\"elementor-element elementor-element-30673b9 elementor-cta--layout-image-above elementor-widget__width-inherit elementor-cta--skin-classic elementor-animated-content elementor-bg-transform elementor-bg-transform-zoom-in elementor-repeater-item-none elementor-repeater-item-none_hover elementor-widget elementor-widget-call-to-action\" data-id=\"30673b9\" data-element_type=\"widget\" data-e-type=\"widget\" data-widget_type=\"call-to-action.default\">\n\t\t\t\t<div class=\"elementor-widget-container\">\n\t\t\t\t\t\t\t<div class=\"elementor-cta\">\n\t\t\t\t\t<div class=\"elementor-cta__bg-wrapper\">\n\t\t\t\t<div class=\"elementor-cta__bg elementor-bg\" style=\"background-image: url(https:\/\/talentumgrs.com\/wp-content\/uploads\/sites\/571\/2025\/06\/2147826367-1024x1024.jpg);\" role=\"img\" aria-label=\"2147826367\"><\/div>\n\t\t\t\t<div class=\"elementor-cta__bg-overlay\"><\/div>\n\t\t\t<\/div>\n\t\t\t\t\t\t\t<div class=\"elementor-cta__content\">\n\t\t\t\t\n\t\t\t\t\t\t\t\t\t<h2 class=\"elementor-cta__title elementor-cta__content-item elementor-content-item\">\n\t\t\t\t\t\tCommitment to sustainability\t\t\t\t\t<\/h2>\n\t\t\t\t\n\t\t\t\t\t\t\t\t\t<div class=\"elementor-cta__description elementor-cta__content-item elementor-content-item\">\n\t\t\t\t\t\tAt Talentum, we believe that even a boutique firm can take an active role in environmental, social, and governance (ESG) responsibility. Our footprint may be small, but every action counts.\t\t\t\t\t<\/div>\n\t\t\t\t\n\t\t\t\t\t\t\t<\/div>\n\t\t\t\t\t\t<\/div>\n\t\t\t\t\t\t<\/div>\n\t\t\t\t<\/div>\n\t\t\t\t<\/div>\n\t\t<div class=\"elementor-element elementor-element-8ede783 e-con-full elementor-repeater-item-none_hover e-flex elementor-repeater-item-default_padding elementor-repeater-item-none e-con e-child\" data-id=\"8ede783\" data-element_type=\"container\" data-e-type=\"container\" data-settings=\"{&quot;ang_container_spacing_size&quot;:&quot;default_padding&quot;,&quot;jet_parallax_layout_list&quot;:[]}\">\n\t\t\t\t<div class=\"elementor-element elementor-element-2bc7cfa elementor-cta--layout-image-above elementor-widget__width-inherit elementor-cta--skin-classic elementor-animated-content elementor-bg-transform elementor-bg-transform-zoom-in elementor-repeater-item-none elementor-repeater-item-none_hover elementor-widget elementor-widget-call-to-action\" data-id=\"2bc7cfa\" data-element_type=\"widget\" data-e-type=\"widget\" data-widget_type=\"call-to-action.default\">\n\t\t\t\t<div class=\"elementor-widget-container\">\n\t\t\t\t\t\t\t<div class=\"elementor-cta\">\n\t\t\t\t\t<div class=\"elementor-cta__bg-wrapper\">\n\t\t\t\t<div class=\"elementor-cta__bg elementor-bg\" style=\"background-image: url(https:\/\/talentumgrs.com\/wp-content\/uploads\/sites\/571\/2025\/06\/288-1024x576.jpg);\" role=\"img\" aria-label=\"288\"><\/div>\n\t\t\t\t<div class=\"elementor-cta__bg-overlay\"><\/div>\n\t\t\t<\/div>\n\t\t\t\t\t\t\t<div class=\"elementor-cta__content\">\n\t\t\t\t\n\t\t\t\t\t\t\t\t\t<h2 class=\"elementor-cta__title elementor-cta__content-item elementor-content-item\">\n\t\t\t\t\t\tKey environmental sectors\t\t\t\t\t<\/h2>\n\t\t\t\t\n\t\t\t\t\t\t\t\t\t<div class=\"elementor-cta__description elementor-cta__content-item elementor-content-item\">\n\t\t\t\t\t\tWe collaborate with organizations active in renewable energy, waste management, energy efficiency, and the circular economy to fill key positions.\t\t\t\t\t<\/div>\n\t\t\t\t\n\t\t\t\t\t\t\t<\/div>\n\t\t\t\t\t\t<\/div>\n\t\t\t\t\t\t<\/div>\n\t\t\t\t<\/div>\n\t\t\t\t<\/div>\n\t\t<div class=\"elementor-element elementor-element-cdc063b e-con-full elementor-repeater-item-none_hover e-flex elementor-repeater-item-default_padding elementor-repeater-item-none e-con e-child\" data-id=\"cdc063b\" data-element_type=\"container\" data-e-type=\"container\" data-settings=\"{&quot;ang_container_spacing_size&quot;:&quot;default_padding&quot;,&quot;jet_parallax_layout_list&quot;:[]}\">\n\t\t\t\t<div class=\"elementor-element elementor-element-bdc5e0a elementor-cta--layout-image-above elementor-widget__width-inherit elementor-cta--skin-classic elementor-animated-content elementor-bg-transform elementor-bg-transform-zoom-in elementor-repeater-item-none elementor-repeater-item-none_hover elementor-widget elementor-widget-call-to-action\" data-id=\"bdc5e0a\" data-element_type=\"widget\" data-e-type=\"widget\" data-widget_type=\"call-to-action.default\">\n\t\t\t\t<div class=\"elementor-widget-container\">\n\t\t\t\t\t\t\t<div class=\"elementor-cta\">\n\t\t\t\t\t<div class=\"elementor-cta__bg-wrapper\">\n\t\t\t\t<div class=\"elementor-cta__bg elementor-bg\" style=\"background-image: url(https:\/\/talentumgrs.com\/wp-content\/uploads\/sites\/571\/2025\/06\/grandmother-child-are-holding-plant-sprout-their-hands-1024x683.jpg);\" role=\"img\" aria-label=\"grandmother-child-are-holding-plant-sprout-their-hands\"><\/div>\n\t\t\t\t<div class=\"elementor-cta__bg-overlay\"><\/div>\n\t\t\t<\/div>\n\t\t\t\t\t\t\t<div class=\"elementor-cta__content\">\n\t\t\t\t\n\t\t\t\t\t\t\t\t\t<h2 class=\"elementor-cta__title elementor-cta__content-item elementor-content-item\">\n\t\t\t\t\t\tTalent for a green future\t\t\t\t\t<\/h2>\n\t\t\t\t\n\t\t\t\t\t\t\t\t\t<div class=\"elementor-cta__description elementor-cta__content-item elementor-content-item\">\n\t\t\t\t\t\tWe operate entirely digitally and paperlessly, holding our meetings online whenever possible, and minimizing travel. We don't have a permanent physical office: we embrace remote work as a way of protecting the planet.\t\t\t\t\t<\/div>\n\t\t\t\t\n\t\t\t\t\t\t\t<\/div>\n\t\t\t\t\t\t<\/div>\n\t\t\t\t\t\t<\/div>\n\t\t\t\t<\/div>\n\t\t\t\t<\/div>\n\t\t\t\t<\/div>\n\t\t\t\t<\/div>\n\t\t<div class=\"elementor-element elementor-element-bede07b e-flex e-con-boxed elementor-repeater-item-default_padding elementor-repeater-item-none elementor-repeater-item-none_hover e-con e-parent\" data-id=\"bede07b\" data-element_type=\"container\" data-e-type=\"container\" data-settings=\"{&quot;ang_container_spacing_size&quot;:&quot;default_padding&quot;,&quot;jet_parallax_layout_list&quot;:[]}\">\n\t\t\t\t\t<div class=\"e-con-inner\">\n\t\t\t\t<div class=\"elementor-element elementor-element-5ba8e83b elementor-repeater-item-none elementor-repeater-item-none_hover elementor-widget elementor-widget-icon-box\" data-id=\"5ba8e83b\" data-element_type=\"widget\" data-e-type=\"widget\" data-widget_type=\"icon-box.default\">\n\t\t\t\t<div class=\"elementor-widget-container\">\n\t\t\t\t\t\t\t<div class=\"elementor-icon-box-wrapper\">\n\n\t\t\t\n\t\t\t\t\t\t<div class=\"elementor-icon-box-content\">\n\n\t\t\t\t\t\t\t\t\t<h3 class=\"elementor-icon-box-title\">\n\t\t\t\t\t\t<span  >\n\t\t\t\t\t\t\tSustainable corporate culture\t\t\t\t\t\t<\/span>\n\t\t\t\t\t<\/h3>\n\t\t\t\t\n\t\t\t\t\t\t\t\t\t<p class=\"elementor-icon-box-description\">\n\t\t\t\t\t\tStarting in 2026, we will donate 1% of our 2025 revenue to a reforestation project, as a concrete contribution to a more sustainable future.\nWe also strongly promote diversity and inclusion. At Talentum, we present only the best professionals available, regardless of origin, race, nationality, religion, gender, or sexual orientation.\nBecause true leadership takes many forms \u2014 and it begins by offering equal opportunities to everyone.\t\t\t\t\t<\/p>\n\t\t\t\t\n\t\t\t<\/div>\n\t\t\t\n\t\t<\/div>\n\t\t\t\t\t\t<\/div>\n\t\t\t\t<\/div>\n\t\t\t\t\t<\/div>\n\t\t\t\t<\/div>\n\t\t<div class=\"elementor-element elementor-element-5cb10367 e-con-full e-flex elementor-repeater-item-default_padding sk-none elementor-repeater-item-none elementor-repeater-item-none_hover e-con e-parent\" data-id=\"5cb10367\" data-element_type=\"container\" data-e-type=\"container\" data-settings=\"{&quot;background_background&quot;:&quot;classic&quot;,&quot;ang_container_spacing_size&quot;:&quot;default_padding&quot;,&quot;jet_parallax_layout_list&quot;:[]}\">\n\t\t<div class=\"elementor-element elementor-element-34795586 e-con-full e-flex elementor-repeater-item-default_padding sk-none elementor-repeater-item-none elementor-repeater-item-none_hover e-con e-child\" data-id=\"34795586\" data-element_type=\"container\" data-e-type=\"container\" data-settings=\"{&quot;background_background&quot;:&quot;classic&quot;,&quot;ang_container_spacing_size&quot;:&quot;default_padding&quot;,&quot;jet_parallax_layout_list&quot;:[]}\">\n\t\t\t\t<div class=\"elementor-element elementor-element-188e72bf elementor-cta--layout-image-left elementor-cta--mobile-layout-image-above elementor-cta--valign-middle elementor-cta--skin-classic elementor-animated-content elementor-bg-transform elementor-bg-transform-zoom-in elementor-repeater-item-none elementor-repeater-item-none_hover elementor-widget elementor-widget-call-to-action\" data-id=\"188e72bf\" data-element_type=\"widget\" data-e-type=\"widget\" data-widget_type=\"call-to-action.default\">\n\t\t\t\t<div class=\"elementor-widget-container\">\n\t\t\t\t\t\t\t<div class=\"elementor-cta\">\n\t\t\t\t\t<div class=\"elementor-cta__bg-wrapper\">\n\t\t\t\t<div class=\"elementor-cta__bg elementor-bg\" style=\"background-image: url(https:\/\/talentumgrs.com\/wp-content\/uploads\/sites\/571\/2025\/06\/1133-1.jpg);\" role=\"img\" aria-label=\"1133 (1)\"><\/div>\n\t\t\t\t<div class=\"elementor-cta__bg-overlay\"><\/div>\n\t\t\t<\/div>\n\t\t\t\t\t\t\t\t<\/div>\n\t\t\t\t\t\t<\/div>\n\t\t\t\t<\/div>\n\t\t\t\t<\/div>\n\t\t\t\t<\/div>\n\t\t\t\t<\/div>\n\t\t","protected":false},"excerpt":{"rendered":"<p>Environment Commitment to sustainability At Talentum, we believe that even a boutique firm can take an active role in environmental, social, and governance (ESG) responsibility. Our footprint may be small, but every action counts. Key environmental sectors We collaborate with organizations active in renewable energy, waste management, energy efficiency, and the circular economy to fill &#8230; <a title=\"Environment\" class=\"read-more\" href=\"https:\/\/talentumgrs.com\/en\/environment\/\" aria-label=\"Read more about Environment\">Read more<\/a><\/p>\n","protected":false},"author":6,"featured_media":0,"parent":0,"menu_order":0,"comment_status":"closed","ping_status":"closed","template":"elementor_header_footer","meta":{"_acf_changed":false,"footnotes":""},"class_list":["post-10003","page","type-page","status-publish"],"yoast_head":"<!-- This site is optimized with the Yoast SEO plugin v27.4 - https:\/\/yoast.com\/product\/yoast-seo-wordpress\/ -->\n<title>Executive search with responsible impact | Talentum Madrid<\/title>\n<meta name=\"description\" content=\"Talentum integrates sustainable values into its recruitment process, with a global approach and personalized service.\" \/>\n<meta name=\"robots\" content=\"index, follow, max-snippet:-1, max-image-preview:large, max-video-preview:-1\" \/>\n<link rel=\"canonical\" href=\"https:\/\/talentumgrs.com\/medio-ambiente\/\" \/>\n<meta property=\"og:locale\" content=\"en_US\" \/>\n<meta property=\"og:type\" content=\"article\" \/>\n<meta property=\"og:title\" content=\"Executive search with responsible impact | Talentum Madrid\" \/>\n<meta property=\"og:description\" content=\"Talentum integrates sustainable values into its recruitment process, with a global approach and personalized service.\" \/>\n<meta property=\"og:url\" content=\"https:\/\/talentumgrs.com\/medio-ambiente\/\" \/>\n<meta property=\"og:site_name\" content=\"Talentum Global Recruitment Services S.L. | reclutamiento de talento internacional\" \/>\n<meta property=\"article:modified_time\" content=\"2025-06-23T14:20:19+00:00\" \/>\n<meta name=\"twitter:card\" content=\"summary_large_image\" \/>\n<meta name=\"twitter:label1\" content=\"Est. reading time\" \/>\n\t<meta name=\"twitter:data1\" content=\"1 minute\" \/>\n<script type=\"application\/ld+json\" class=\"yoast-schema-graph\">{\"@context\":\"https:\\\/\\\/schema.org\",\"@graph\":[{\"@type\":\"WebPage\",\"@id\":\"https:\\\/\\\/talentumgrs.com\\\/medio-ambiente\\\/\",\"url\":\"https:\\\/\\\/talentumgrs.com\\\/medio-ambiente\\\/\",\"name\":\"Executive search with responsible impact | Talentum Madrid\",\"isPartOf\":{\"@id\":\"https:\\\/\\\/talentumgrs.com\\\/#website\"},\"datePublished\":\"2025-06-02T12:38:36+00:00\",\"dateModified\":\"2025-06-23T14:20:19+00:00\",\"description\":\"Talentum integrates sustainable values into its recruitment process, with a global approach and personalized service.\",\"breadcrumb\":{\"@id\":\"https:\\\/\\\/talentumgrs.com\\\/medio-ambiente\\\/#breadcrumb\"},\"inLanguage\":\"en-US\",\"potentialAction\":[{\"@type\":\"ReadAction\",\"target\":[\"https:\\\/\\\/talentumgrs.com\\\/medio-ambiente\\\/\"]}]},{\"@type\":\"BreadcrumbList\",\"@id\":\"https:\\\/\\\/talentumgrs.com\\\/medio-ambiente\\\/#breadcrumb\",\"itemListElement\":[{\"@type\":\"ListItem\",\"position\":1,\"name\":\"Portada\",\"item\":\"https:\\\/\\\/talentumgrs.com\\\/\"},{\"@type\":\"ListItem\",\"position\":2,\"name\":\"Environment\"}]},{\"@type\":\"WebSite\",\"@id\":\"https:\\\/\\\/talentumgrs.com\\\/#website\",\"url\":\"https:\\\/\\\/talentumgrs.com\\\/\",\"name\":\"Talentum Global Recruitment Services S.L. | reclutamiento de talento internacional\",\"description\":\"Ayudamos a las empresas a encontrar talento de alto nivel m\u00e1s all\u00e1 de las fronteras, combinando una estrategia global con sensibilidad cultural y precisi\u00f3n\",\"publisher\":{\"@id\":\"https:\\\/\\\/talentumgrs.com\\\/#organization\"},\"potentialAction\":[{\"@type\":\"SearchAction\",\"target\":{\"@type\":\"EntryPoint\",\"urlTemplate\":\"https:\\\/\\\/talentumgrs.com\\\/?s={search_term_string}\"},\"query-input\":{\"@type\":\"PropertyValueSpecification\",\"valueRequired\":true,\"valueName\":\"search_term_string\"}}],\"inLanguage\":\"en-US\"},{\"@type\":\"Organization\",\"@id\":\"https:\\\/\\\/talentumgrs.com\\\/#organization\",\"name\":\"Talentum Global Recruitment Services S.L. | reclutamiento de talento internacional\",\"url\":\"https:\\\/\\\/talentumgrs.com\\\/\",\"logo\":{\"@type\":\"ImageObject\",\"inLanguage\":\"en-US\",\"@id\":\"https:\\\/\\\/talentumgrs.com\\\/#\\\/schema\\\/logo\\\/image\\\/\",\"url\":\"https:\\\/\\\/talentumgrs.com\\\/wp-content\\\/uploads\\\/sites\\\/571\\\/2025\\\/05\\\/cropped-logo_white_background-scaled-1.jpg\",\"contentUrl\":\"https:\\\/\\\/talentumgrs.com\\\/wp-content\\\/uploads\\\/sites\\\/571\\\/2025\\\/05\\\/cropped-logo_white_background-scaled-1.jpg\",\"width\":2559,\"height\":512,\"caption\":\"Talentum Global Recruitment Services S.L. | reclutamiento de talento internacional\"},\"image\":{\"@id\":\"https:\\\/\\\/talentumgrs.com\\\/#\\\/schema\\\/logo\\\/image\\\/\"}}]}<\/script>\n<!-- \/ Yoast SEO plugin. -->","yoast_head_json":{"title":"Executive search with responsible impact | Talentum Madrid","description":"Talentum integrates sustainable values into its recruitment process, with a global approach and personalized service.","robots":{"index":"index","follow":"follow","max-snippet":"max-snippet:-1","max-image-preview":"max-image-preview:large","max-video-preview":"max-video-preview:-1"},"canonical":"https:\/\/talentumgrs.com\/medio-ambiente\/","og_locale":"en_US","og_type":"article","og_title":"Executive search with responsible impact | Talentum Madrid","og_description":"Talentum integrates sustainable values into its recruitment process, with a global approach and personalized service.","og_url":"https:\/\/talentumgrs.com\/medio-ambiente\/","og_site_name":"Talentum Global Recruitment Services S.L. | reclutamiento de talento internacional","article_modified_time":"2025-06-23T14:20:19+00:00","twitter_card":"summary_large_image","twitter_misc":{"Est. reading time":"1 minute"},"schema":{"@context":"https:\/\/schema.org","@graph":[{"@type":"WebPage","@id":"https:\/\/talentumgrs.com\/medio-ambiente\/","url":"https:\/\/talentumgrs.com\/medio-ambiente\/","name":"Executive search with responsible impact | Talentum Madrid","isPartOf":{"@id":"https:\/\/talentumgrs.com\/#website"},"datePublished":"2025-06-02T12:38:36+00:00","dateModified":"2025-06-23T14:20:19+00:00","description":"Talentum integrates sustainable values into its recruitment process, with a global approach and personalized service.","breadcrumb":{"@id":"https:\/\/talentumgrs.com\/medio-ambiente\/#breadcrumb"},"inLanguage":"en-US","potentialAction":[{"@type":"ReadAction","target":["https:\/\/talentumgrs.com\/medio-ambiente\/"]}]},{"@type":"BreadcrumbList","@id":"https:\/\/talentumgrs.com\/medio-ambiente\/#breadcrumb","itemListElement":[{"@type":"ListItem","position":1,"name":"Portada","item":"https:\/\/talentumgrs.com\/"},{"@type":"ListItem","position":2,"name":"Environment"}]},{"@type":"WebSite","@id":"https:\/\/talentumgrs.com\/#website","url":"https:\/\/talentumgrs.com\/","name":"Talentum Global Recruitment Services S.L. | reclutamiento de talento internacional","description":"Ayudamos a las empresas a encontrar talento de alto nivel m\u00e1s all\u00e1 de las fronteras, combinando una estrategia global con sensibilidad cultural y precisi\u00f3n","publisher":{"@id":"https:\/\/talentumgrs.com\/#organization"},"potentialAction":[{"@type":"SearchAction","target":{"@type":"EntryPoint","urlTemplate":"https:\/\/talentumgrs.com\/?s={search_term_string}"},"query-input":{"@type":"PropertyValueSpecification","valueRequired":true,"valueName":"search_term_string"}}],"inLanguage":"en-US"},{"@type":"Organization","@id":"https:\/\/talentumgrs.com\/#organization","name":"Talentum Global Recruitment Services S.L. | reclutamiento de talento internacional","url":"https:\/\/talentumgrs.com\/","logo":{"@type":"ImageObject","inLanguage":"en-US","@id":"https:\/\/talentumgrs.com\/#\/schema\/logo\/image\/","url":"https:\/\/talentumgrs.com\/wp-content\/uploads\/sites\/571\/2025\/05\/cropped-logo_white_background-scaled-1.jpg","contentUrl":"https:\/\/talentumgrs.com\/wp-content\/uploads\/sites\/571\/2025\/05\/cropped-logo_white_background-scaled-1.jpg","width":2559,"height":512,"caption":"Talentum Global Recruitment Services S.L. | reclutamiento de talento internacional"},"image":{"@id":"https:\/\/talentumgrs.com\/#\/schema\/logo\/image\/"}}]}},"acf":[],"_links":{"self":[{"href":"https:\/\/talentumgrs.com\/en\/wp-json\/wp\/v2\/pages\/10003","targetHints":{"allow":["GET"]}}],"collection":[{"href":"https:\/\/talentumgrs.com\/en\/wp-json\/wp\/v2\/pages"}],"about":[{"href":"https:\/\/talentumgrs.com\/en\/wp-json\/wp\/v2\/types\/page"}],"author":[{"embeddable":true,"href":"https:\/\/talentumgrs.com\/en\/wp-json\/wp\/v2\/users\/6"}],"replies":[{"embeddable":true,"href":"https:\/\/talentumgrs.com\/en\/wp-json\/wp\/v2\/comments?post=10003"}],"version-history":[{"count":0,"href":"https:\/\/talentumgrs.com\/en\/wp-json\/wp\/v2\/pages\/10003\/revisions"}],"wp:attachment":[{"href":"https:\/\/talentumgrs.com\/en\/wp-json\/wp\/v2\/media?parent=10003"}],"curies":[{"name":"wp","href":"https:\/\/api.w.org\/{rel}","templated":true}]}}