{"id":10002,"date":"2024-12-03T16:42:18","date_gmt":"2024-12-03T15:42:18","guid":{"rendered":"https:\/\/b09765769.es\/contact\/"},"modified":"2025-09-12T23:45:50","modified_gmt":"2025-09-12T21:45:50","slug":"contact","status":"publish","type":"page","link":"https:\/\/talentumgrs.com\/en\/contact\/","title":{"rendered":"Contact"},"content":{"rendered":"\t\t<div data-elementor-type=\"wp-page\" data-elementor-id=\"10002\" class=\"elementor elementor-10002 elementor-8443\" data-elementor-post-type=\"page\">\n\t\t\t\t<div class=\"elementor-element elementor-element-0806bed e-flex e-con-boxed elementor-repeater-item-default_padding sk-none elementor-repeater-item-none elementor-repeater-item-none_hover e-con e-parent\" data-id=\"0806bed\" data-element_type=\"container\" data-e-type=\"container\" data-settings=\"{&quot;background_background&quot;:&quot;classic&quot;,&quot;ang_container_spacing_size&quot;:&quot;default_padding&quot;,&quot;jet_parallax_layout_list&quot;:[]}\">\n\t\t\t\t\t<div class=\"e-con-inner\">\n\t\t<div class=\"elementor-element elementor-element-a5f4136 e-con-full e-flex elementor-repeater-item-default_padding elementor-repeater-item-none elementor-repeater-item-none_hover e-con e-child\" data-id=\"a5f4136\" data-element_type=\"container\" data-e-type=\"container\" data-settings=\"{&quot;ang_container_spacing_size&quot;:&quot;default_padding&quot;,&quot;jet_parallax_layout_list&quot;:[]}\">\n\t\t<div class=\"elementor-element elementor-element-73d9edb e-con-full e-flex elementor-repeater-item-default_padding elementor-repeater-item-none elementor-repeater-item-none_hover e-con e-child\" data-id=\"73d9edb\" data-element_type=\"container\" data-e-type=\"container\" data-settings=\"{&quot;ang_container_spacing_size&quot;:&quot;default_padding&quot;,&quot;jet_parallax_layout_list&quot;:[]}\">\n\t\t<div class=\"elementor-element elementor-element-abec3ef e-con-full e-flex elementor-repeater-item-default_padding elementor-repeater-item-none elementor-repeater-item-none_hover e-con e-child\" data-id=\"abec3ef\" data-element_type=\"container\" data-e-type=\"container\" data-settings=\"{&quot;ang_container_spacing_size&quot;:&quot;default_padding&quot;,&quot;jet_parallax_layout_list&quot;:[]}\">\n\t\t\t\t<div class=\"elementor-element elementor-element-8bae18a elementor-repeater-item-none elementor-repeater-item-none_hover elementor-widget elementor-widget-heading\" data-id=\"8bae18a\" data-element_type=\"widget\" data-e-type=\"widget\" data-widget_type=\"heading.default\">\n\t\t\t\t<div class=\"elementor-widget-container\">\n\t\t\t\t\t<h1 class=\"elementor-heading-title elementor-size-default\">Contact human resources consultancy in Madrid<\/h1>\t\t\t\t<\/div>\n\t\t\t\t<\/div>\n\t\t\t\t<\/div>\n\t\t<div class=\"elementor-element elementor-element-5d91c98 e-con-full e-flex elementor-repeater-item-default_padding elementor-repeater-item-none elementor-repeater-item-none_hover e-con e-child\" data-id=\"5d91c98\" data-element_type=\"container\" data-e-type=\"container\" data-settings=\"{&quot;ang_container_spacing_size&quot;:&quot;default_padding&quot;,&quot;jet_parallax_layout_list&quot;:[]}\">\n\t\t\t\t<div class=\"elementor-element elementor-element-80bd339 elementor-repeater-item-none elementor-repeater-item-none_hover elementor-widget elementor-widget-heading\" data-id=\"80bd339\" data-element_type=\"widget\" data-e-type=\"widget\" data-widget_type=\"heading.default\">\n\t\t\t\t<div class=\"elementor-widget-container\">\n\t\t\t\t\t<h3 class=\"elementor-heading-title elementor-size-default\">Do you have a talent challenge? A hard-to-fill vacancy? Or do you just want to know more about how we can help you? We\u2019re here to listen and offer concrete solutions.<\/h3>\t\t\t\t<\/div>\n\t\t\t\t<\/div>\n\t\t\t\t<div class=\"elementor-element elementor-element-a35f9af elementor-repeater-item-none elementor-repeater-item-none_hover elementor-widget elementor-widget-heading\" data-id=\"a35f9af\" data-element_type=\"widget\" data-e-type=\"widget\" data-widget_type=\"heading.default\">\n\t\t\t\t<div class=\"elementor-widget-container\">\n\t\t\t\t\t<h3 class=\"elementor-heading-title elementor-size-default\">Send us your inquiry through the form<\/h3>\t\t\t\t<\/div>\n\t\t\t\t<\/div>\n\t\t\t\t<\/div>\n\t\t\t\t<\/div>\n\t\t\t\t<\/div>\n\t\t\t\t\t<\/div>\n\t\t\t\t<\/div>\n\t\t<div class=\"elementor-element elementor-element-4fffd8d e-flex e-con-boxed elementor-repeater-item-default_padding sk-none elementor-repeater-item-none elementor-repeater-item-none_hover e-con e-parent\" data-id=\"4fffd8d\" data-element_type=\"container\" data-e-type=\"container\" data-settings=\"{&quot;background_background&quot;:&quot;classic&quot;,&quot;ang_container_spacing_size&quot;:&quot;default_padding&quot;,&quot;jet_parallax_layout_list&quot;:[]}\">\n\t\t\t\t\t<div class=\"e-con-inner\">\n\t\t<div class=\"elementor-element elementor-element-2eafed9 e-con-full e-flex elementor-repeater-item-default_padding sk-none elementor-repeater-item-none elementor-repeater-item-none_hover e-con e-child\" data-id=\"2eafed9\" data-element_type=\"container\" data-e-type=\"container\" data-settings=\"{&quot;background_background&quot;:&quot;classic&quot;,&quot;ang_container_spacing_size&quot;:&quot;default_padding&quot;,&quot;jet_parallax_layout_list&quot;:[]}\">\n\t\t<div class=\"elementor-element elementor-element-fe097f8 e-con-full e-flex elementor-repeater-item-default_padding elementor-repeater-item-none elementor-repeater-item-none_hover e-con e-child\" data-id=\"fe097f8\" data-element_type=\"container\" data-e-type=\"container\" data-settings=\"{&quot;ang_container_spacing_size&quot;:&quot;default_padding&quot;,&quot;jet_parallax_layout_list&quot;:[]}\">\n\t\t\t\t<div class=\"elementor-element elementor-element-df7aee3 elementor-widget-mobile__width-initial elementor-repeater-item-none elementor-repeater-item-none_hover elementor-widget elementor-widget-heading\" data-id=\"df7aee3\" data-element_type=\"widget\" data-e-type=\"widget\" data-widget_type=\"heading.default\">\n\t\t\t\t<div class=\"elementor-widget-container\">\n\t\t\t\t\t<h3 class=\"elementor-heading-title elementor-size-default\">Talk to us<\/h3>\t\t\t\t<\/div>\n\t\t\t\t<\/div>\n\t\t\t\t<div class=\"elementor-element elementor-element-eb55c88 elementor-align-left elementor-mobile-align-center elementor-widget-mobile__width-initial elementor-tablet-align-center elementor-repeater-item-none elementor-repeater-item-none_hover elementor-widget elementor-widget-button\" data-id=\"eb55c88\" data-element_type=\"widget\" data-e-type=\"widget\" data-widget_type=\"button.default\">\n\t\t\t\t<div class=\"elementor-widget-container\">\n\t\t\t\t\t\t\t\t\t<div class=\"elementor-button-wrapper\">\n\t\t\t\t\t<a class=\"elementor-button elementor-size-sm elementor-animation-grow\" role=\"button\">\n\t\t\t\t\t\t<span class=\"elementor-button-content-wrapper\">\n\t\t\t\t\t\t\t\t\t<span class=\"elementor-button-text\"><a href=\"mailto:\" class=\"txtfooter\" style=\"color: #000;text-decoration: none\"><\/a><\/span>\n\t\t\t\t\t<\/span>\n\t\t\t\t\t<\/a>\n\t\t\t\t<\/div>\n\t\t\t\t\t\t\t\t<\/div>\n\t\t\t\t<\/div>\n\t\t\t\t<div class=\"elementor-element elementor-element-dd0d0ea elementor-shape-rounded elementor-grid-0 e-grid-align-center elementor-repeater-item-none elementor-repeater-item-none_hover elementor-widget elementor-widget-social-icons\" data-id=\"dd0d0ea\" data-element_type=\"widget\" data-e-type=\"widget\" data-widget_type=\"social-icons.default\">\n\t\t\t\t<div class=\"elementor-widget-container\">\n\t\t\t\t\t\t\t<div class=\"elementor-social-icons-wrapper elementor-grid\">\n\t\t\t\t\t\t\t<span class=\"elementor-grid-item\">\n\t\t\t\t\t<a class=\"elementor-icon elementor-social-icon elementor-social-icon-linkedin elementor-repeater-item-be57feb\" href=\"https:\/\/www.linkedin.com\/company\/talentum-global-recruitment-services\/\" target=\"_blank\">\n\t\t\t\t\t\t<span class=\"elementor-screen-only\">Linkedin<\/span>\n\t\t\t\t\t\t<svg aria-hidden=\"true\" class=\"e-font-icon-svg e-fab-linkedin\" viewBox=\"0 0 448 512\" xmlns=\"http:\/\/www.w3.org\/2000\/svg\"><path d=\"M416 32H31.9C14.3 32 0 46.5 0 64.3v383.4C0 465.5 14.3 480 31.9 480H416c17.6 0 32-14.5 32-32.3V64.3c0-17.8-14.4-32.3-32-32.3zM135.4 416H69V202.2h66.5V416zm-33.2-243c-21.3 0-38.5-17.3-38.5-38.5S80.9 96 102.2 96c21.2 0 38.5 17.3 38.5 38.5 0 21.3-17.2 38.5-38.5 38.5zm282.1 243h-66.4V312c0-24.8-.5-56.7-34.5-56.7-34.6 0-39.9 27-39.9 54.9V416h-66.4V202.2h63.7v29.2h.9c8.9-16.8 30.6-34.5 62.9-34.5 67.2 0 79.7 44.3 79.7 101.9V416z\"><\/path><\/svg>\t\t\t\t\t<\/a>\n\t\t\t\t<\/span>\n\t\t\t\t\t<\/div>\n\t\t\t\t\t\t<\/div>\n\t\t\t\t<\/div>\n\t\t\t\t<\/div>\n\t\t\t\t<\/div>\n\t\t\t\t\t<\/div>\n\t\t\t\t<\/div>\n\t\t<div class=\"elementor-element elementor-element-b857d47 e-flex e-con-boxed elementor-repeater-item-default_padding elementor-repeater-item-none elementor-repeater-item-none_hover e-con e-parent\" data-id=\"b857d47\" data-element_type=\"container\" data-e-type=\"container\" data-settings=\"{&quot;ang_container_spacing_size&quot;:&quot;default_padding&quot;,&quot;jet_parallax_layout_list&quot;:[]}\">\n\t\t\t\t\t<div class=\"e-con-inner\">\n\t\t<div class=\"elementor-element elementor-element-5066238 e-con-full e-flex elementor-repeater-item-default_padding elementor-repeater-item-none elementor-repeater-item-none_hover e-con e-child\" data-id=\"5066238\" data-element_type=\"container\" data-e-type=\"container\" data-settings=\"{&quot;ang_container_spacing_size&quot;:&quot;default_padding&quot;,&quot;jet_parallax_layout_list&quot;:[]}\">\n\t\t\t\t<div class=\"elementor-element elementor-element-7dc8282 elementor-button-align-stretch elementor-repeater-item-none elementor-repeater-item-none_hover elementor-widget elementor-widget-form\" data-id=\"7dc8282\" data-element_type=\"widget\" data-e-type=\"widget\" data-settings=\"{&quot;step_next_label&quot;:&quot;Siguiente&quot;,&quot;step_previous_label&quot;:&quot;Anterior&quot;,&quot;button_width&quot;:&quot;100&quot;,&quot;step_type&quot;:&quot;number_text&quot;,&quot;step_icon_shape&quot;:&quot;circle&quot;}\" data-widget_type=\"form.default\">\n\t\t\t\t<div class=\"elementor-widget-container\">\n\t\t\t\t\t\t\t<form class=\"elementor-form\" method=\"post\" name=\"Nuevo formulario\">\n\t\t\t<input type=\"hidden\" name=\"post_id\" value=\"10002\"\/>\n\t\t\t<input type=\"hidden\" name=\"form_id\" value=\"7dc8282\"\/>\n\t\t\t<input type=\"hidden\" name=\"referer_title\" value=\"HR Consultancy Contact Madrid | Business Advisory\" \/>\n\n\t\t\t\t\t\t\t<input type=\"hidden\" name=\"queried_id\" value=\"10002\"\/>\n\t\t\t\n\t\t\t<div class=\"elementor-form-fields-wrapper elementor-labels-above\">\n\t\t\t\t\t\t\t\t<div class=\"elementor-field-type-text elementor-field-group elementor-column elementor-field-group-name elementor-col-50 elementor-field-required elementor-mark-required\">\n\t\t\t\t\t\t\t\t\t\t\t\t<label for=\"form-field-name\" class=\"elementor-field-label\">\n\t\t\t\t\t\t\t\tName\t\t\t\t\t\t\t<\/label>\n\t\t\t\t\t\t\t\t\t\t\t\t\t\t<input size=\"1\" type=\"text\" name=\"form_fields[name]\" id=\"form-field-name\" class=\"elementor-field elementor-size-sm  elementor-field-textual\" placeholder=\"Name\" required=\"required\" aria-required=\"true\">\n\t\t\t\t\t\t\t\t\t\t\t<\/div>\n\t\t\t\t\t\t\t\t<div class=\"elementor-field-type-email elementor-field-group elementor-column elementor-field-group-email elementor-col-50 elementor-field-required elementor-mark-required\">\n\t\t\t\t\t\t\t\t\t\t\t\t<label for=\"form-field-email\" class=\"elementor-field-label\">\n\t\t\t\t\t\t\t\tE-mail\t\t\t\t\t\t\t<\/label>\n\t\t\t\t\t\t\t\t\t\t\t\t\t\t<input size=\"1\" type=\"email\" name=\"form_fields[email]\" id=\"form-field-email\" class=\"elementor-field elementor-size-sm  elementor-field-textual\" placeholder=\"E-mail\" required=\"required\" aria-required=\"true\">\n\t\t\t\t\t\t\t\t\t\t\t<\/div>\n\t\t\t\t\t\t\t\t<div class=\"elementor-field-type-tel elementor-field-group elementor-column elementor-field-group-field_e7dc538 elementor-col-100 elementor-field-required elementor-mark-required\">\n\t\t\t\t\t\t\t\t\t\t\t\t<label for=\"form-field-field_e7dc538\" class=\"elementor-field-label\">\n\t\t\t\t\t\t\t\tTelephone\t\t\t\t\t\t\t<\/label>\n\t\t\t\t\t\t\t\t<input size=\"1\" type=\"tel\" name=\"form_fields[field_e7dc538]\" id=\"form-field-field_e7dc538\" class=\"elementor-field elementor-size-sm  elementor-field-textual\" placeholder=\"Telephone\" required=\"required\" aria-required=\"true\" pattern=\"[0-9()#&amp;+*-=.]+\" title=\"Only numbers and phone characters (#, -, *, etc) are accepted.\">\n\n\t\t\t\t\t\t<\/div>\n\t\t\t\t\t\t\t\t<div class=\"elementor-field-type-textarea elementor-field-group elementor-column elementor-field-group-message elementor-col-100\">\n\t\t\t\t\t\t\t\t\t\t\t\t<label for=\"form-field-message\" class=\"elementor-field-label\">\n\t\t\t\t\t\t\t\tMessage\t\t\t\t\t\t\t<\/label>\n\t\t\t\t\t\t<textarea class=\"elementor-field-textual elementor-field  elementor-size-sm\" name=\"form_fields[message]\" id=\"form-field-message\" rows=\"4\" placeholder=\"Message\"><\/textarea>\t\t\t\t<\/div>\n\t\t\t\t\t\t\t\t<div class=\"elementor-field-group elementor-column elementor-field-type-submit elementor-col-100 e-form__buttons\">\n\t\t\t\t\t<button class=\"elementor-button elementor-size-sm\" type=\"submit\">\n\t\t\t\t\t\t<span class=\"elementor-button-content-wrapper\">\n\t\t\t\t\t\t\t\t\t\t\t\t\t\t\t\t\t\t\t\t\t\t<span class=\"elementor-button-text\">Send<\/span>\n\t\t\t\t\t\t\t\t\t\t\t\t\t<\/span>\n\t\t\t\t\t<\/button>\n\t\t\t\t<\/div>\n\t\t\t<\/div>\n\t\t<\/form>\n\t\t\t\t\t\t<\/div>\n\t\t\t\t<\/div>\n\t\t\t\t<\/div>\n\t\t<div class=\"elementor-element elementor-element-c0a433f e-con-full e-flex elementor-repeater-item-default_padding elementor-repeater-item-none elementor-repeater-item-none_hover e-con e-child\" data-id=\"c0a433f\" data-element_type=\"container\" data-e-type=\"container\" data-settings=\"{&quot;ang_container_spacing_size&quot;:&quot;default_padding&quot;,&quot;jet_parallax_layout_list&quot;:[]}\">\n\t\t\t\t<div class=\"elementor-element elementor-element-77f1d39 external_elementor-repeater-item-none_external elementor-repeater-item-none elementor-repeater-item-none_hover elementor-widget elementor-widget-image\" data-id=\"77f1d39\" data-element_type=\"widget\" data-e-type=\"widget\" data-widget_type=\"image.default\">\n\t\t\t\t<div class=\"elementor-widget-container\">\n\t\t\t\t\t\t\t\t\t\t\t\t\t\t\t<img fetchpriority=\"high\" decoding=\"async\" width=\"731\" height=\"1024\" src=\"https:\/\/talentumgrs.com\/wp-content\/uploads\/sites\/571\/2025\/09\/efd32d46-547b-4850-a944-f9e50f64b946-731x1024.jpeg\" class=\"attachment-large size-large wp-image-10426\" alt=\"\" srcset=\"https:\/\/talentumgrs.com\/wp-content\/uploads\/sites\/571\/2025\/09\/efd32d46-547b-4850-a944-f9e50f64b946-731x1024.jpeg 731w, https:\/\/talentumgrs.com\/wp-content\/uploads\/sites\/571\/2025\/09\/efd32d46-547b-4850-a944-f9e50f64b946-214x300.jpeg 214w, https:\/\/talentumgrs.com\/wp-content\/uploads\/sites\/571\/2025\/09\/efd32d46-547b-4850-a944-f9e50f64b946-768x1076.jpeg 768w, https:\/\/talentumgrs.com\/wp-content\/uploads\/sites\/571\/2025\/09\/efd32d46-547b-4850-a944-f9e50f64b946-1097x1536.jpeg 1097w, https:\/\/talentumgrs.com\/wp-content\/uploads\/sites\/571\/2025\/09\/efd32d46-547b-4850-a944-f9e50f64b946.jpeg 1462w\" sizes=\"(max-width: 731px) 100vw, 731px\" \/>\t\t\t\t\t\t\t\t\t\t\t\t\t\t\t<\/div>\n\t\t\t\t<\/div>\n\t\t\t\t<\/div>\n\t\t\t\t\t<\/div>\n\t\t\t\t<\/div>\n\t\t\t\t<\/div>\n\t\t","protected":false},"excerpt":{"rendered":"<p>Contact human resources consultancy in Madrid Do you have a talent challenge? A hard-to-fill vacancy? Or do you just want to know more about how we can help you? We\u2019re here to listen and offer concrete solutions. Send us your inquiry through the form Talk to us Linkedin<\/p>\n","protected":false},"author":5,"featured_media":0,"parent":0,"menu_order":4,"comment_status":"closed","ping_status":"closed","template":"elementor_header_footer","meta":{"_acf_changed":false,"footnotes":""},"class_list":["post-10002","page","type-page","status-publish"],"yoast_head":"<!-- This site is optimized with the Yoast SEO plugin v27.4 - https:\/\/yoast.com\/product\/yoast-seo-wordpress\/ -->\n<title>HR Consultancy Contact Madrid | Business Advisory<\/title>\n<meta name=\"description\" content=\"Need human resources advice in Madrid? Contact us to optimize your talent management, recruitment, and labor consulting.\" \/>\n<meta name=\"robots\" content=\"index, follow, max-snippet:-1, max-image-preview:large, max-video-preview:-1\" \/>\n<link rel=\"canonical\" href=\"https:\/\/talentumgrs.com\/nl\/contact\/\" \/>\n<meta property=\"og:locale\" content=\"en_US\" \/>\n<meta property=\"og:type\" content=\"article\" \/>\n<meta property=\"og:title\" content=\"HR Consultancy Contact Madrid | Business Advisory\" \/>\n<meta property=\"og:description\" content=\"Need human resources advice in Madrid? Contact us to optimize your talent management, recruitment, and labor consulting.\" \/>\n<meta property=\"og:url\" content=\"https:\/\/talentumgrs.com\/nl\/contact\/\" \/>\n<meta property=\"og:site_name\" content=\"Talentum Global Recruitment Services S.L. | reclutamiento de talento internacional\" \/>\n<meta property=\"article:modified_time\" content=\"2025-09-12T21:45:50+00:00\" \/>\n<meta property=\"og:image\" content=\"https:\/\/talentumgrs.com\/wp-content\/uploads\/sites\/571\/2025\/09\/efd32d46-547b-4850-a944-f9e50f64b946.jpeg\" \/>\n\t<meta property=\"og:image:width\" content=\"1462\" \/>\n\t<meta property=\"og:image:height\" content=\"2048\" \/>\n\t<meta property=\"og:image:type\" content=\"image\/jpeg\" \/>\n<meta name=\"twitter:card\" content=\"summary_large_image\" \/>\n<meta name=\"twitter:label1\" content=\"Est. reading time\" \/>\n\t<meta name=\"twitter:data1\" content=\"1 minute\" \/>\n<script type=\"application\/ld+json\" class=\"yoast-schema-graph\">{\"@context\":\"https:\\\/\\\/schema.org\",\"@graph\":[{\"@type\":\"WebPage\",\"@id\":\"https:\\\/\\\/talentumgrs.com\\\/nl\\\/contact\\\/\",\"url\":\"https:\\\/\\\/talentumgrs.com\\\/nl\\\/contact\\\/\",\"name\":\"HR Consultancy Contact Madrid | Business Advisory\",\"isPartOf\":{\"@id\":\"https:\\\/\\\/talentumgrs.com\\\/#website\"},\"primaryImageOfPage\":{\"@id\":\"https:\\\/\\\/talentumgrs.com\\\/nl\\\/contact\\\/#primaryimage\"},\"image\":{\"@id\":\"https:\\\/\\\/talentumgrs.com\\\/nl\\\/contact\\\/#primaryimage\"},\"thumbnailUrl\":\"https:\\\/\\\/talentumgrs.com\\\/wp-content\\\/uploads\\\/sites\\\/571\\\/2025\\\/09\\\/efd32d46-547b-4850-a944-f9e50f64b946-731x1024.jpeg\",\"datePublished\":\"2024-12-03T15:42:18+00:00\",\"dateModified\":\"2025-09-12T21:45:50+00:00\",\"description\":\"Need human resources advice in Madrid? Contact us to optimize your talent management, recruitment, and labor consulting.\",\"breadcrumb\":{\"@id\":\"https:\\\/\\\/talentumgrs.com\\\/nl\\\/contact\\\/#breadcrumb\"},\"inLanguage\":\"en-US\",\"potentialAction\":[{\"@type\":\"ReadAction\",\"target\":[\"https:\\\/\\\/talentumgrs.com\\\/nl\\\/contact\\\/\"]}]},{\"@type\":\"ImageObject\",\"inLanguage\":\"en-US\",\"@id\":\"https:\\\/\\\/talentumgrs.com\\\/nl\\\/contact\\\/#primaryimage\",\"url\":\"https:\\\/\\\/talentumgrs.com\\\/wp-content\\\/uploads\\\/sites\\\/571\\\/2025\\\/09\\\/efd32d46-547b-4850-a944-f9e50f64b946-731x1024.jpeg\",\"contentUrl\":\"https:\\\/\\\/talentumgrs.com\\\/wp-content\\\/uploads\\\/sites\\\/571\\\/2025\\\/09\\\/efd32d46-547b-4850-a944-f9e50f64b946-731x1024.jpeg\"},{\"@type\":\"BreadcrumbList\",\"@id\":\"https:\\\/\\\/talentumgrs.com\\\/nl\\\/contact\\\/#breadcrumb\",\"itemListElement\":[{\"@type\":\"ListItem\",\"position\":1,\"name\":\"Portada\",\"item\":\"https:\\\/\\\/talentumgrs.com\\\/\"},{\"@type\":\"ListItem\",\"position\":2,\"name\":\"Contact\"}]},{\"@type\":\"WebSite\",\"@id\":\"https:\\\/\\\/talentumgrs.com\\\/#website\",\"url\":\"https:\\\/\\\/talentumgrs.com\\\/\",\"name\":\"Talentum Global Recruitment Services S.L. | reclutamiento de talento internacional\",\"description\":\"Ayudamos a las empresas a encontrar talento de alto nivel m\u00e1s all\u00e1 de las fronteras, combinando una estrategia global con sensibilidad cultural y precisi\u00f3n\",\"publisher\":{\"@id\":\"https:\\\/\\\/talentumgrs.com\\\/#organization\"},\"potentialAction\":[{\"@type\":\"SearchAction\",\"target\":{\"@type\":\"EntryPoint\",\"urlTemplate\":\"https:\\\/\\\/talentumgrs.com\\\/?s={search_term_string}\"},\"query-input\":{\"@type\":\"PropertyValueSpecification\",\"valueRequired\":true,\"valueName\":\"search_term_string\"}}],\"inLanguage\":\"en-US\"},{\"@type\":\"Organization\",\"@id\":\"https:\\\/\\\/talentumgrs.com\\\/#organization\",\"name\":\"Talentum Global Recruitment Services S.L. | reclutamiento de talento internacional\",\"url\":\"https:\\\/\\\/talentumgrs.com\\\/\",\"logo\":{\"@type\":\"ImageObject\",\"inLanguage\":\"en-US\",\"@id\":\"https:\\\/\\\/talentumgrs.com\\\/#\\\/schema\\\/logo\\\/image\\\/\",\"url\":\"https:\\\/\\\/talentumgrs.com\\\/wp-content\\\/uploads\\\/sites\\\/571\\\/2025\\\/05\\\/cropped-logo_white_background-scaled-1.jpg\",\"contentUrl\":\"https:\\\/\\\/talentumgrs.com\\\/wp-content\\\/uploads\\\/sites\\\/571\\\/2025\\\/05\\\/cropped-logo_white_background-scaled-1.jpg\",\"width\":2559,\"height\":512,\"caption\":\"Talentum Global Recruitment Services S.L. | reclutamiento de talento internacional\"},\"image\":{\"@id\":\"https:\\\/\\\/talentumgrs.com\\\/#\\\/schema\\\/logo\\\/image\\\/\"}}]}<\/script>\n<!-- \/ Yoast SEO plugin. -->","yoast_head_json":{"title":"HR Consultancy Contact Madrid | Business Advisory","description":"Need human resources advice in Madrid? Contact us to optimize your talent management, recruitment, and labor consulting.","robots":{"index":"index","follow":"follow","max-snippet":"max-snippet:-1","max-image-preview":"max-image-preview:large","max-video-preview":"max-video-preview:-1"},"canonical":"https:\/\/talentumgrs.com\/nl\/contact\/","og_locale":"en_US","og_type":"article","og_title":"HR Consultancy Contact Madrid | Business Advisory","og_description":"Need human resources advice in Madrid? Contact us to optimize your talent management, recruitment, and labor consulting.","og_url":"https:\/\/talentumgrs.com\/nl\/contact\/","og_site_name":"Talentum Global Recruitment Services S.L. | reclutamiento de talento internacional","article_modified_time":"2025-09-12T21:45:50+00:00","og_image":[{"width":1462,"height":2048,"url":"https:\/\/talentumgrs.com\/wp-content\/uploads\/sites\/571\/2025\/09\/efd32d46-547b-4850-a944-f9e50f64b946.jpeg","type":"image\/jpeg"}],"twitter_card":"summary_large_image","twitter_misc":{"Est. reading time":"1 minute"},"schema":{"@context":"https:\/\/schema.org","@graph":[{"@type":"WebPage","@id":"https:\/\/talentumgrs.com\/nl\/contact\/","url":"https:\/\/talentumgrs.com\/nl\/contact\/","name":"HR Consultancy Contact Madrid | Business Advisory","isPartOf":{"@id":"https:\/\/talentumgrs.com\/#website"},"primaryImageOfPage":{"@id":"https:\/\/talentumgrs.com\/nl\/contact\/#primaryimage"},"image":{"@id":"https:\/\/talentumgrs.com\/nl\/contact\/#primaryimage"},"thumbnailUrl":"https:\/\/talentumgrs.com\/wp-content\/uploads\/sites\/571\/2025\/09\/efd32d46-547b-4850-a944-f9e50f64b946-731x1024.jpeg","datePublished":"2024-12-03T15:42:18+00:00","dateModified":"2025-09-12T21:45:50+00:00","description":"Need human resources advice in Madrid? Contact us to optimize your talent management, recruitment, and labor consulting.","breadcrumb":{"@id":"https:\/\/talentumgrs.com\/nl\/contact\/#breadcrumb"},"inLanguage":"en-US","potentialAction":[{"@type":"ReadAction","target":["https:\/\/talentumgrs.com\/nl\/contact\/"]}]},{"@type":"ImageObject","inLanguage":"en-US","@id":"https:\/\/talentumgrs.com\/nl\/contact\/#primaryimage","url":"https:\/\/talentumgrs.com\/wp-content\/uploads\/sites\/571\/2025\/09\/efd32d46-547b-4850-a944-f9e50f64b946-731x1024.jpeg","contentUrl":"https:\/\/talentumgrs.com\/wp-content\/uploads\/sites\/571\/2025\/09\/efd32d46-547b-4850-a944-f9e50f64b946-731x1024.jpeg"},{"@type":"BreadcrumbList","@id":"https:\/\/talentumgrs.com\/nl\/contact\/#breadcrumb","itemListElement":[{"@type":"ListItem","position":1,"name":"Portada","item":"https:\/\/talentumgrs.com\/"},{"@type":"ListItem","position":2,"name":"Contact"}]},{"@type":"WebSite","@id":"https:\/\/talentumgrs.com\/#website","url":"https:\/\/talentumgrs.com\/","name":"Talentum Global Recruitment Services S.L. | reclutamiento de talento internacional","description":"Ayudamos a las empresas a encontrar talento de alto nivel m\u00e1s all\u00e1 de las fronteras, combinando una estrategia global con sensibilidad cultural y precisi\u00f3n","publisher":{"@id":"https:\/\/talentumgrs.com\/#organization"},"potentialAction":[{"@type":"SearchAction","target":{"@type":"EntryPoint","urlTemplate":"https:\/\/talentumgrs.com\/?s={search_term_string}"},"query-input":{"@type":"PropertyValueSpecification","valueRequired":true,"valueName":"search_term_string"}}],"inLanguage":"en-US"},{"@type":"Organization","@id":"https:\/\/talentumgrs.com\/#organization","name":"Talentum Global Recruitment Services S.L. | reclutamiento de talento internacional","url":"https:\/\/talentumgrs.com\/","logo":{"@type":"ImageObject","inLanguage":"en-US","@id":"https:\/\/talentumgrs.com\/#\/schema\/logo\/image\/","url":"https:\/\/talentumgrs.com\/wp-content\/uploads\/sites\/571\/2025\/05\/cropped-logo_white_background-scaled-1.jpg","contentUrl":"https:\/\/talentumgrs.com\/wp-content\/uploads\/sites\/571\/2025\/05\/cropped-logo_white_background-scaled-1.jpg","width":2559,"height":512,"caption":"Talentum Global Recruitment Services S.L. | reclutamiento de talento internacional"},"image":{"@id":"https:\/\/talentumgrs.com\/#\/schema\/logo\/image\/"}}]}},"acf":[],"_links":{"self":[{"href":"https:\/\/talentumgrs.com\/en\/wp-json\/wp\/v2\/pages\/10002","targetHints":{"allow":["GET"]}}],"collection":[{"href":"https:\/\/talentumgrs.com\/en\/wp-json\/wp\/v2\/pages"}],"about":[{"href":"https:\/\/talentumgrs.com\/en\/wp-json\/wp\/v2\/types\/page"}],"author":[{"embeddable":true,"href":"https:\/\/talentumgrs.com\/en\/wp-json\/wp\/v2\/users\/5"}],"replies":[{"embeddable":true,"href":"https:\/\/talentumgrs.com\/en\/wp-json\/wp\/v2\/comments?post=10002"}],"version-history":[{"count":0,"href":"https:\/\/talentumgrs.com\/en\/wp-json\/wp\/v2\/pages\/10002\/revisions"}],"wp:attachment":[{"href":"https:\/\/talentumgrs.com\/en\/wp-json\/wp\/v2\/media?parent=10002"}],"curies":[{"name":"wp","href":"https:\/\/api.w.org\/{rel}","templated":true}]}}